{"id":993,"date":"2016-09-13T19:24:45","date_gmt":"2016-09-13T19:24:45","guid":{"rendered":"http:\/\/lephenixrouge.fr\/?page_id=993"},"modified":"2025-08-30T18:52:04","modified_gmt":"2025-08-30T18:52:04","slug":"association","status":"publish","type":"page","link":"https:\/\/lephenixrouge.fr\/?page_id=993","title":{"rendered":"Association"},"content":{"rendered":"<h5><\/h5>\n<h5><span style=\"color: #ff6600;\">L\u2019association auscitaine\u00a0<em><span style=\"color: #ff0000;\">Le Ph\u00e9nix Rouge<\/span>\u00a0<\/em>organise des cours de\u00a0<em>Tai Ji Quan\u00a0<\/em>(Tai chi chuan) et de\u00a0<em>Qi Gong<\/em> dans le d\u00e9partement du Gers \u00e0 Auch et \u00e0 Roquepine depuis 2012.<\/span><\/h5>\n<p>L&rsquo;association organise\u00a0\u00e9galement des stages mensuels, un grand stage d&rsquo;\u00e9t\u00e9 et des ateliers ponctuels. Elle fait partie du groupement <a href=\"http:\/\/www.fataiji.fr\/fr\/\" target=\"_blank\" rel=\"noopener noreferrer\">Fa Tai Ji<\/a>.<\/p>\n<h6><em>Tous les enseignants qui interviennent dans l\u2019association ont un dipl\u00f4me professionnel, de la F\u00e9d\u00e9ration des arts \u00e9nerg\u00e9tiques\u00a0\u00a0et \u00a0martiaux chinois, \u00a0certifi\u00e9 par le Minist\u00e8re de la formation professionnelle (CQP) qui atteste d\u2019une comp\u00e9tence p\u00e9dagogique et technique . \u00a0<\/em><\/h6>\n<pre>L'association est affili\u00e9e \u00e0 <a href=\"https:\/\/www.ufolep.org\">l'UFOLEP\n<\/a><\/pre>\n<div class=\"page\" title=\"Page 1\"><\/div>\n<div title=\"Page 1\">\n<h5>L\u2019association est en partenariat avec :<\/h5>\n<p>Le Cos (comit\u00e9 des oeuvres sociales)<\/p>\n<p><em>R\u00e9duction de 20% sur\u00a0pr\u00e9sentation de carte nominative.<\/em><\/p>\n<\/div>\n<h2>Renseignements\u00a0<span style=\"color: #ff0000;\">Le Ph\u00e9nix rouge<\/span><\/h2>\n<p>\uf028\u00a005 62 28 30 38 \/ 06 08 10 70 76 \/\u00a0lephenixrouge32(a)gmail.com<\/p>\n","protected":false},"excerpt":{"rendered":"<p>L\u2019association auscitaine\u00a0Le Ph\u00e9nix Rouge\u00a0organise des cours de\u00a0Tai Ji Quan\u00a0(Tai chi chuan) et de\u00a0Qi Gong dans le d\u00e9partement du Gers \u00e0 Auch et \u00e0 Roquepine depuis 2012. L&rsquo;association organise\u00a0\u00e9galement des stages mensuels, un grand stage d&rsquo;\u00e9t\u00e9 et des ateliers ponctuels. Elle fait partie du groupement Fa Tai Ji. Tous les enseignants qui interviennent dans l\u2019association ont &hellip; <a href=\"https:\/\/lephenixrouge.fr\/?page_id=993\" class=\"more-link\">Continuer la lecture de <span class=\"screen-reader-text\">Association<\/span>  <span class=\"meta-nav\">&rarr;<\/span><\/a><\/p>\n","protected":false},"author":2,"featured_media":1396,"parent":0,"menu_order":0,"comment_status":"closed","ping_status":"open","template":"","meta":[],"_links":{"self":[{"href":"https:\/\/lephenixrouge.fr\/index.php?rest_route=\/wp\/v2\/pages\/993"}],"collection":[{"href":"https:\/\/lephenixrouge.fr\/index.php?rest_route=\/wp\/v2\/pages"}],"about":[{"href":"https:\/\/lephenixrouge.fr\/index.php?rest_route=\/wp\/v2\/types\/page"}],"author":[{"embeddable":true,"href":"https:\/\/lephenixrouge.fr\/index.php?rest_route=\/wp\/v2\/users\/2"}],"replies":[{"embeddable":true,"href":"https:\/\/lephenixrouge.fr\/index.php?rest_route=%2Fwp%2Fv2%2Fcomments&post=993"}],"version-history":[{"count":30,"href":"https:\/\/lephenixrouge.fr\/index.php?rest_route=\/wp\/v2\/pages\/993\/revisions"}],"predecessor-version":[{"id":3032,"href":"https:\/\/lephenixrouge.fr\/index.php?rest_route=\/wp\/v2\/pages\/993\/revisions\/3032"}],"wp:featuredmedia":[{"embeddable":true,"href":"https:\/\/lephenixrouge.fr\/index.php?rest_route=\/wp\/v2\/media\/1396"}],"wp:attachment":[{"href":"https:\/\/lephenixrouge.fr\/index.php?rest_route=%2Fwp%2Fv2%2Fmedia&parent=993"}],"curies":[{"name":"wp","href":"https:\/\/api.w.org\/{rel}","templated":true}]}}