{"id":51,"date":"2014-11-11T17:18:39","date_gmt":"2014-11-11T17:18:39","guid":{"rendered":"http:\/\/lephenixrouge.fr\/?page_id=51"},"modified":"2023-11-20T11:56:41","modified_gmt":"2023-11-20T11:56:41","slug":"presentation-de-lassociation","status":"publish","type":"page","link":"https:\/\/lephenixrouge.fr\/","title":{"rendered":"enseignant(e)"},"content":{"rendered":"<h3><strong>\u00a0<\/strong><span class=\"Apple-style-span\" style=\"color: #ff6600;\"><strong>Fabienne Joret<\/strong>\u00a0<\/span><\/h3>\n<p><span class=\"Apple-style-span\" style=\"color: #339966; line-height: 19px;\">Passionn\u00e9e par la culture asiatique depuis tr\u00e8s longtemps et attir\u00e9e par les arts martiaux, j&rsquo;ai\u00a0 commenc\u00e9 \u00e0 pratiquer le Tai Ji Quan et le Qi Gong en 1998. \u00a0<\/span><span class=\"Apple-style-span\" style=\"color: #339966; line-height: 19px;\">J&rsquo;ai rapidement su que j&rsquo;avais trouv\u00e9 la discipline qui me convenait, \u00e0 la fois le go\u00fbt de la lenteur et la puissance des mouvements et le pouvoir de l&rsquo;intention. <\/span><\/p>\n<p><span class=\"Apple-style-span\" style=\"color: #339966; line-height: 19px;\">Initi\u00e9e et form\u00e9e par Fr\u00e9d\u00e9rique Pratte, cette passion des arts \u00e9nerg\u00e9tiques m&rsquo;a amen\u00e9e vers la transmission et l&rsquo;envie d&rsquo;enseigner \u00e0 mon tour ce que je fais r\u00e9guli\u00e8rement, avec bonheur, depuis 2007. <\/span><span class=\"Apple-style-span\" style=\"color: #339966; line-height: 19px;\">Ces arts ont transform\u00e9 ma vie, m&rsquo;ont donn\u00e9 une confiance en moi que je n&rsquo;avais pas, gr\u00e2ce \u00e0 l&rsquo;acquisition de l&rsquo;\u00e9quilibre, du retour au centre, de l&rsquo;ancrage, de la conscience port\u00e9e r\u00e9guli\u00e8rement vers la respiration, du calme int\u00e9rieur.\u00a0<\/span><\/p>\n<p><span class=\"Apple-style-span\" style=\"color: #339966; line-height: 19px;\">Ces arts am\u00e8nent notre corps et notre esprit \u00e0 se transformer, \u00e0 d\u00e9velopper un \u00e9tat d&rsquo;esprit positif, \u00e0 vivre sereinement les diff\u00e9rentes situations et passages de la vie.\u00a0<\/span><\/p>\n<p style=\"color: #339966;\"><span style=\"color: #339966;\"><strong>Dipl\u00f4mes obtenus<\/strong> : Certificat de qualification professionnelle en Arts \u00c9nerg\u00e9tiques Chinois par la F\u00e9d\u00e9ration Fran\u00e7aise <a href=\"http:\/\/faemc.fr\" target=\"_blank\" rel=\"noopener noreferrer\">FAEMC<\/a>&#8211; ex WUSHU \u00a0<span style=\"color: #ff0000;\">(<a style=\"color: #ff0000;\" href=\"https:\/\/lephenixrouge.fr\/wp-content\/uploads\/2016\/09\/CQP.pdf\">CQP<\/a><\/span> en A.E.C) et le minist\u00e8re de la formation professionnelle. \u00a0 <em>Carte professionnelle d&rsquo;\u00e9ducateur sportif n\u00b0 03213ED0031<\/em> \u00a0 \u00a0 <\/span><span style=\"color: #339966;\"><strong>Formation continue<\/strong>\u00a0en \u00e9nerg\u00e9tique chinoise aupr\u00e8s de la f\u00e9d\u00e9ration FAEMC \u00a0 \u00a0 \u00a0 \u00a0<\/span><\/p>\n<p style=\"color: #339966;\">Dipl\u00f4m\u00e9e de l&rsquo;\u00e9cole de <a href=\"https:\/\/sites.google.com\/site\/associationznqg\/home\" target=\"_blank\" rel=\"noopener noreferrer\">Me Zhou Jing Hong<\/a> et Isabelle Gougeon pour le Zhi Neng Qi Gong (\u00a0<a href=\"https:\/\/lephenixrouge.fr\/wp-content\/uploads\/2016\/09\/ZNQG.pdf\">certificat de formation<\/a>).<\/p>\n<figure id=\"attachment_851\" aria-describedby=\"caption-attachment-851\" style=\"width: 300px\" class=\"wp-caption alignleft\"><a href=\"https:\/\/lephenixrouge.fr\/wp-content\/uploads\/2016\/06\/Me-Ding.jpg\"><img loading=\"lazy\" class=\"wp-image-851 size-medium\" src=\"https:\/\/lephenixrouge.fr\/wp-content\/uploads\/2016\/06\/Me-Ding-300x226.jpg\" alt=\"Me Ding\" width=\"300\" height=\"226\" srcset=\"https:\/\/lephenixrouge.fr\/wp-content\/uploads\/2016\/06\/Me-Ding-300x226.jpg 300w, https:\/\/lephenixrouge.fr\/wp-content\/uploads\/2016\/06\/Me-Ding-1024x772.jpg 1024w\" sizes=\"(max-width: 300px) 100vw, 300px\" \/><\/a><figcaption id=\"caption-attachment-851\" class=\"wp-caption-text\">Me Ding Dahong, stage 2013<\/figcaption><\/figure>\n<figure id=\"attachment_1362\" aria-describedby=\"caption-attachment-1362\" style=\"width: 225px\" class=\"wp-caption alignleft\"><a href=\"https:\/\/lephenixrouge.fr\/wp-content\/uploads\/2017\/10\/IMG_20170809_152742.jpg\"><img loading=\"lazy\" class=\"wp-image-1362 size-medium\" src=\"https:\/\/lephenixrouge.fr\/wp-content\/uploads\/2017\/10\/IMG_20170809_152742-225x300.jpg\" alt=\"IMG_20170809_152742\" width=\"225\" height=\"300\" srcset=\"https:\/\/lephenixrouge.fr\/wp-content\/uploads\/2017\/10\/IMG_20170809_152742-225x300.jpg 225w, https:\/\/lephenixrouge.fr\/wp-content\/uploads\/2017\/10\/IMG_20170809_152742-768x1024.jpg 768w\" sizes=\"(max-width: 225px) 100vw, 225px\" \/><\/a><figcaption id=\"caption-attachment-1362\" class=\"wp-caption-text\">YongNian, Chine 2017, berceau du style Yang<\/figcaption><\/figure>\n<p>Suis depuis 2013 l\u2019enseignement de Me Jean-Jacques Galinier \u00e0 l\u2019\u00e9cole <a href=\"http:\/\/www.fataiji.fr\/fr\/\" target=\"_blank\" rel=\"noopener noreferrer\">Fa Tai Ji <\/a>(AMBC Blagnac) \u00a0en\u00a0Tai Ji Quan (Tai chi chuan) forme 108 style yang traditionnel \u00a0et de Katy Barcelo pour la forme \u00e0 l&rsquo;\u00e9ventail. (Tai Ji Shan).\u00a0<em><a href=\"https:\/\/lephenixrouge.fr\/wp-content\/uploads\/2016\/09\/ATTESTATION-DE-FORMATION-CONTINUE-COPY.pdf\">Attestation de formation<\/a>\u00a0.\u00a0<\/em><\/p>\n<p>En d\u00e9cembre 2014 , je rejoins avec bonheur et grande humilit\u00e9 le groupement des professeurs de l&rsquo;\u00e9cole et continue cette belle aventure en suivant \u00a0les stages et formations profs.<\/p>\n<p>Ai particip\u00e9 de 2013 \u00e0 2020 aux stages de l&rsquo;\u00e9cole fran\u00e7aise de Zhang Guang De (<a href=\"http:\/\/www.kunming.fr\" target=\"_blank\" rel=\"noopener noreferrer\">Kunming <\/a>Biarritz) pour le Daoyin Yang Sheng Gong .<a href=\"https:\/\/lephenixrouge.fr\/wp-content\/uploads\/2016\/06\/DAO-YIN-12-MOUVEMENTS-.jpg\"><img loading=\"lazy\" class=\"alignnone size-medium wp-image-789\" src=\"https:\/\/lephenixrouge.fr\/wp-content\/uploads\/2016\/06\/DAO-YIN-12-MOUVEMENTS--300x212.jpg\" alt=\"\" width=\"300\" height=\"212\" srcset=\"https:\/\/lephenixrouge.fr\/wp-content\/uploads\/2016\/06\/DAO-YIN-12-MOUVEMENTS--300x212.jpg 300w, https:\/\/lephenixrouge.fr\/wp-content\/uploads\/2016\/06\/DAO-YIN-12-MOUVEMENTS--1024x724.jpg 1024w\" sizes=\"(max-width: 300px) 100vw, 300px\" \/><\/a><\/p>\n<h6>Depuis 2019, j&rsquo;ai le bonheur de suivre l&rsquo;enseignement du Docteur Liu Dong et de Me Liu He (Qi gong &amp; M\u00e9ditation) en particulier avec l&rsquo;association <a href=\"https:\/\/associationrietlse.wordpress.com\">RIE de Toulouse<\/a><\/h6>\n<h6><a href=\"https:\/\/lephenixrouge.fr\/wp-content\/uploads\/2023\/11\/RIE_20221127-scaled.jpg\"><img loading=\"lazy\" class=\"alignnone size-medium wp-image-2684\" src=\"https:\/\/lephenixrouge.fr\/wp-content\/uploads\/2023\/11\/RIE_20221127-300x152.jpg\" alt=\"\" width=\"300\" height=\"152\" srcset=\"https:\/\/lephenixrouge.fr\/wp-content\/uploads\/2023\/11\/RIE_20221127-300x152.jpg 300w, https:\/\/lephenixrouge.fr\/wp-content\/uploads\/2023\/11\/RIE_20221127-1024x518.jpg 1024w, https:\/\/lephenixrouge.fr\/wp-content\/uploads\/2023\/11\/RIE_20221127-768x388.jpg 768w, https:\/\/lephenixrouge.fr\/wp-content\/uploads\/2023\/11\/RIE_20221127-1536x776.jpg 1536w, https:\/\/lephenixrouge.fr\/wp-content\/uploads\/2023\/11\/RIE_20221127-2048x1035.jpg 2048w\" sizes=\"(max-width: 300px) 100vw, 300px\" \/><\/a><\/h6>\n<h6><\/h6>\n<p><span style=\"color: #ff6600;\">\u00a0 \u00a0 \u00a0 \u00a0 \u00a0 \u00a0 \u00a0 \u00a0 \u00a0 \u00a0 \u00a0 \u00a0 \u00a0 \u00a0 \u00a0 \u00a0 \u00a0 \u00a0 \u00a0 \u00a0 \u00a0 \u00a0 \u00a0 \u00a0 \u00a0 \u00a0 \u00a0 \u00a0 \u00a0 \u00a0 \u00a0 \u00a0 \u00a0 \u00a0 \u00a0 \u00a0\u00a0<\/span><\/p>\n<h2><strong>Renseignements\u00a0<span style=\"color: #ff0000;\">Le Ph\u00e9nix rouge<\/span><\/strong><\/h2>\n<p>\uf028\u00a005 62 28 30 38 \/ 06 08 10 70 76 \/\u00a0lephenixrouge32(a)gmail.com<\/p>\n","protected":false},"excerpt":{"rendered":"<p>\u00a0Fabienne Joret\u00a0 Passionn\u00e9e par la culture asiatique depuis tr\u00e8s longtemps et attir\u00e9e par les arts martiaux, j&rsquo;ai\u00a0 commenc\u00e9 \u00e0 pratiquer le Tai Ji Quan et le Qi Gong en 1998. \u00a0J&rsquo;ai rapidement su que j&rsquo;avais trouv\u00e9 la discipline qui me convenait, \u00e0 la fois le go\u00fbt de la lenteur et la puissance des mouvements et &hellip; <a href=\"https:\/\/lephenixrouge.fr\/\" class=\"more-link\">Continuer la lecture de <span class=\"screen-reader-text\">enseignant(e)<\/span>  <span class=\"meta-nav\">&rarr;<\/span><\/a><\/p>\n","protected":false},"author":2,"featured_media":1537,"parent":0,"menu_order":0,"comment_status":"closed","ping_status":"closed","template":"","meta":[],"_links":{"self":[{"href":"https:\/\/lephenixrouge.fr\/index.php?rest_route=\/wp\/v2\/pages\/51"}],"collection":[{"href":"https:\/\/lephenixrouge.fr\/index.php?rest_route=\/wp\/v2\/pages"}],"about":[{"href":"https:\/\/lephenixrouge.fr\/index.php?rest_route=\/wp\/v2\/types\/page"}],"author":[{"embeddable":true,"href":"https:\/\/lephenixrouge.fr\/index.php?rest_route=\/wp\/v2\/users\/2"}],"replies":[{"embeddable":true,"href":"https:\/\/lephenixrouge.fr\/index.php?rest_route=%2Fwp%2Fv2%2Fcomments&post=51"}],"version-history":[{"count":151,"href":"https:\/\/lephenixrouge.fr\/index.php?rest_route=\/wp\/v2\/pages\/51\/revisions"}],"predecessor-version":[{"id":2689,"href":"https:\/\/lephenixrouge.fr\/index.php?rest_route=\/wp\/v2\/pages\/51\/revisions\/2689"}],"wp:featuredmedia":[{"embeddable":true,"href":"https:\/\/lephenixrouge.fr\/index.php?rest_route=\/wp\/v2\/media\/1537"}],"wp:attachment":[{"href":"https:\/\/lephenixrouge.fr\/index.php?rest_route=%2Fwp%2Fv2%2Fmedia&parent=51"}],"curies":[{"name":"wp","href":"https:\/\/api.w.org\/{rel}","templated":true}]}}