{"id":479,"date":"2015-07-08T16:41:21","date_gmt":"2015-07-08T16:41:21","guid":{"rendered":"http:\/\/lephenixrouge.fr\/?page_id=479"},"modified":"2026-04-13T14:08:12","modified_gmt":"2026-04-13T14:08:12","slug":"actualites-2","status":"publish","type":"page","link":"https:\/\/lephenixrouge.fr\/?page_id=479","title":{"rendered":"actualit\u00e9s"},"content":{"rendered":"\n<p class=\"has-text-align-center\">&nbsp;<\/p>\n\n\n\n<div class=\"wp-container-3 wp-block-group\"><div class=\"wp-block-group__inner-container\">\n<div class=\"wp-block-columns\">\n<div class=\"wp-block-column\" style=\"flex-basis:100%\">\n<div class=\"wp-container-2 wp-block-group\"><div class=\"wp-block-group__inner-container\">\n<div class=\"wp-block-columns\">\n<div class=\"wp-block-column\" style=\"flex-basis:100%\">\n<div class=\"wp-block-columns\">\n<div class=\"wp-block-column\" style=\"flex-basis:100%\">\n<div class=\"wp-container-1 wp-block-buttons\">\n<div class=\"wp-block-button has-custom-font-size has-medium-font-size\"><a class=\"wp-block-button__link\">Rentr\u00e9e 2025-26<\/a><\/div>\n<\/div>\n\n\n\n<p><\/p>\n\n\n\n<p class=\"has-medium-font-size\">Les cours s&rsquo;arr\u00eatent du 18 avril au 3 mai 2026<\/p>\n<\/div>\n<\/div>\n<\/div>\n<\/div>\n<\/div><\/div>\n<\/div>\n<\/div>\n<\/div><\/div>\n\n\n\n<div class=\"wp-block-columns\">\n<div class=\"wp-block-column\">\n<blockquote class=\"wp-block-quote\"><p><strong><mark style=\"background-color:rgba(0, 0, 0, 0)\" class=\"has-inline-color has-green-color\">PROCHAIN STAGE \u00e0 AUCH<\/mark><\/strong><\/p><\/blockquote>\n<\/div>\n\n\n\n<div class=\"wp-block-column\">\n<blockquote class=\"wp-block-quote\"><p><mark style=\"background-color:rgba(0, 0, 0, 0)\" class=\"has-inline-color has-green-color\"><strong>samedi 30 MAI 2026<\/strong><\/mark><\/p><cite>QI GONG  et Tai Ji Quan (<a href=\"https:\/\/lephenixrouge.fr\/?page_id=23\" data-type=\"page\" data-id=\"23\">voir d\u00e9tails page stages mensuels)<\/a><\/cite><\/blockquote>\n<\/div>\n<\/div>\n\n\n\n<div class=\"wp-container-5 wp-block-group\"><div class=\"wp-block-group__inner-container\">\n<div class=\"wp-container-4 wp-block-group\"><div class=\"wp-block-group__inner-container\">\n<blockquote class=\"wp-block-quote\"><p>OUVERT AUX DEBUTANT.ES<\/p><\/blockquote>\n<\/div><\/div>\n<\/div><\/div>\n\n\n\n<figure class=\"wp-block-pullquote\"><blockquote><p><\/p><\/blockquote><\/figure>\n\n\n\n<p class=\"has-text-align-center\"><span style=\"font-family: Verdana, sans-serif;\"><span style=\"font-size: small;\">&nbsp;<\/span><\/span><\/p>\n\n\n\n<p class=\"has-text-align-center\"><\/p>\n\n\n\n<h4>&nbsp;<\/h4>\n\n\n\n<h4><strong><del><a href=\"https:\/\/lephenixrouge.fr\/wp-content\/uploads\/2017\/11\/fenghuang.jpg\"><img loading=\"lazy\" class=\"alignleft size-medium wp-image-1396\" src=\"https:\/\/lephenixrouge.fr\/wp-content\/uploads\/2017\/11\/fenghuang-207x300.jpg\" alt=\"fenghuang\" width=\"207\" height=\"300\" srcset=\"https:\/\/lephenixrouge.fr\/wp-content\/uploads\/2017\/11\/fenghuang-207x300.jpg 207w, https:\/\/lephenixrouge.fr\/wp-content\/uploads\/2017\/11\/fenghuang.jpg 414w\" sizes=\"(max-width: 207px) 100vw, 207px\" \/><\/a><\/del><br><\/strong><\/h4>\n\n\n\n<div class=\"wp-container-6 wp-block-group\"><div class=\"wp-block-group__inner-container\">\n<div class=\"wp-block-columns\">\n<div class=\"wp-block-column\" style=\"flex-basis:100%\">\n<pre class=\"wp-block-preformatted\"><span style=\"color: #008000;\"><strong>Renseignements:<\/strong><\/span> &nbsp; <span style=\"color: #ff0000;\">&nbsp;\n<strong>Le PHENIX ROUGE<\/strong> <\/span>&nbsp; \n05 62 28 30 38 \n06 08 10 70 76 \n\nlephenixrouge32(a)gmail.com<\/pre>\n<\/div>\n<\/div>\n<\/div><\/div>\n\n\n\n<p> <\/p>\n","protected":false},"excerpt":{"rendered":"<p>&nbsp; Les cours s&rsquo;arr\u00eatent du 18 avril au 3 mai 2026 PROCHAIN STAGE \u00e0 AUCH samedi 30 MAI 2026 QI GONG et Tai Ji Quan (voir d\u00e9tails page stages mensuels) OUVERT AUX DEBUTANT.ES &nbsp; &nbsp; Renseignements: &nbsp; &nbsp; Le PHENIX ROUGE &nbsp; 05 62 28 30 38 06 08 10 70 76 lephenixrouge32(a)gmail.com<\/p>\n","protected":false},"author":2,"featured_media":1312,"parent":0,"menu_order":0,"comment_status":"closed","ping_status":"open","template":"","meta":[],"_links":{"self":[{"href":"https:\/\/lephenixrouge.fr\/index.php?rest_route=\/wp\/v2\/pages\/479"}],"collection":[{"href":"https:\/\/lephenixrouge.fr\/index.php?rest_route=\/wp\/v2\/pages"}],"about":[{"href":"https:\/\/lephenixrouge.fr\/index.php?rest_route=\/wp\/v2\/types\/page"}],"author":[{"embeddable":true,"href":"https:\/\/lephenixrouge.fr\/index.php?rest_route=\/wp\/v2\/users\/2"}],"replies":[{"embeddable":true,"href":"https:\/\/lephenixrouge.fr\/index.php?rest_route=%2Fwp%2Fv2%2Fcomments&post=479"}],"version-history":[{"count":607,"href":"https:\/\/lephenixrouge.fr\/index.php?rest_route=\/wp\/v2\/pages\/479\/revisions"}],"predecessor-version":[{"id":3159,"href":"https:\/\/lephenixrouge.fr\/index.php?rest_route=\/wp\/v2\/pages\/479\/revisions\/3159"}],"wp:featuredmedia":[{"embeddable":true,"href":"https:\/\/lephenixrouge.fr\/index.php?rest_route=\/wp\/v2\/media\/1312"}],"wp:attachment":[{"href":"https:\/\/lephenixrouge.fr\/index.php?rest_route=%2Fwp%2Fv2%2Fmedia&parent=479"}],"curies":[{"name":"wp","href":"https:\/\/api.w.org\/{rel}","templated":true}]}}