{"id":21,"date":"2014-11-11T14:35:03","date_gmt":"2014-11-11T14:35:03","guid":{"rendered":"http:\/\/lephenixrouge.fr\/?page_id=21"},"modified":"2025-09-01T12:57:20","modified_gmt":"2025-09-01T12:57:20","slug":"tarifs","status":"publish","type":"page","link":"https:\/\/lephenixrouge.fr\/?page_id=21","title":{"rendered":"Tarifs et inscription"},"content":{"rendered":"<p>Tous les cours sont assur\u00e9s par notre enseignante d\u00e9tentrice d&rsquo;un Certificat de qualification professionnelle en AEMC valid\u00e9 par le minist\u00e8re de la formation professionnelle et la FAEMC (<strong>dipl\u00f4me autorisant l\u2019enseignement professionnel des Arts Energ\u00e9tiques et Martiaux Chinois) .&nbsp;<\/strong><\/p>\n<p><\/p>\n<h5>saison 2025-2026<a href=\"https:\/\/lephenixrouge.fr\/wp-content\/uploads\/2016\/09\/grue3.jpg\"><img loading=\"lazy\" class=\"alignleft size-medium wp-image-1010\" src=\"https:\/\/lephenixrouge.fr\/wp-content\/uploads\/2016\/09\/grue3-300x182.jpg\" alt=\"grue3\" width=\"300\" height=\"182\" srcset=\"https:\/\/lephenixrouge.fr\/wp-content\/uploads\/2016\/09\/grue3-300x182.jpg 300w, https:\/\/lephenixrouge.fr\/wp-content\/uploads\/2016\/09\/grue3.jpg 434w\" sizes=\"(max-width: 300px) 100vw, 300px\" \/><\/a><\/h5>\n<p><span style=\"color: #ffcc00;\"><span style=\"color: #008000;\"><span style=\"color: #339966;\"><strong>Adh\u00e9sion annuelle&nbsp;<\/strong> \u00e0 l&rsquo;association : 15 <span style=\"color: #339966;\">&nbsp;\u20ac &nbsp; &nbsp; &nbsp; &nbsp; &nbsp; &nbsp; &nbsp; &nbsp; &nbsp; &nbsp; &nbsp; &nbsp; &nbsp; &nbsp; &nbsp; &nbsp; &nbsp; &nbsp; &nbsp; &nbsp; &nbsp; &nbsp; &nbsp; &nbsp; &nbsp;<\/span><\/span><\/span><\/span><\/p>\n<p><span style=\"color: #339966;\"><strong>Affiliation<\/strong>&nbsp;annuelle \u00e0 la f\u00e9d\u00e9ration&nbsp;UFOLEP :&nbsp;&nbsp;25 \u20ac&nbsp;<\/span><\/p>\n<p><strong>&nbsp;&nbsp; &nbsp; &nbsp; &nbsp; &nbsp; &nbsp; &nbsp; &nbsp; &nbsp; &nbsp; &nbsp; &nbsp; &nbsp; &nbsp; &nbsp; &nbsp; <\/strong><\/p>\n<p>Les prix tiennent compte de l&rsquo;interruption pendant les vacances scolaires. Les cours non dispens\u00e9s pendant les vacances sont rattrapables les semaines suivantes sur les autres cr\u00e9neaux horaires et sur tous les lieux, si vous en avez la possibilit\u00e9.<\/p>\n<p><span style=\"color: #0000ff;\">&nbsp; &nbsp; &nbsp; &nbsp; &nbsp; &nbsp; &nbsp; &nbsp; &nbsp; &nbsp; &nbsp; &nbsp; &nbsp; &nbsp; &nbsp; &nbsp; &nbsp; &nbsp; &nbsp; &nbsp; &nbsp; &nbsp; &nbsp; &nbsp; &nbsp; &nbsp;Mensuel &nbsp; &nbsp; &nbsp; &nbsp; &nbsp; Trimestriel &nbsp; &nbsp; &nbsp; &nbsp; &nbsp; &nbsp; &nbsp; &nbsp; Annuel<\/span><strong><span style=\"color: #0000ff;\"> &nbsp;<\/span> &nbsp; &nbsp; &nbsp; &nbsp; &nbsp; &nbsp; &nbsp; &nbsp; &nbsp; &nbsp; &nbsp; &nbsp; &nbsp; &nbsp; &nbsp; &nbsp; &nbsp; &nbsp; &nbsp; &nbsp; &nbsp; &nbsp; &nbsp; &nbsp; &nbsp; &nbsp; &nbsp; &nbsp; &nbsp; &nbsp; &nbsp; &nbsp; &nbsp; &nbsp; &nbsp; &nbsp; &nbsp; &nbsp; &nbsp; &nbsp; &nbsp; &nbsp; &nbsp; &nbsp; &nbsp; &nbsp; &nbsp; &nbsp; &nbsp; &nbsp;&nbsp;<span style=\"color: #0000ff;\"><span style=\"color: #3366ff;\">&nbsp;&nbsp; &nbsp; &nbsp;<\/span>&nbsp;&nbsp; &nbsp; &nbsp; &nbsp; &nbsp; &nbsp;<\/span><\/strong><\/p>\n<p><span style=\"color: #ff0000;\"><span style=\"color: #008000;\">1 cours par semaine<\/span> &nbsp;<\/span>&nbsp;&nbsp; &nbsp; 36 \u20ac &nbsp; &nbsp; &nbsp; &nbsp; &nbsp; &nbsp; &nbsp; &nbsp; &nbsp; &nbsp; &nbsp; &nbsp; &nbsp; &nbsp;95 \u20ac &nbsp; &nbsp; &nbsp; &nbsp; &nbsp; &nbsp; &nbsp; &nbsp; &nbsp; &nbsp; &nbsp; &nbsp; &nbsp;260 \u20ac<\/p>\n<p><span style=\"color: #008000;\">2 cours par semaine&nbsp;<\/span>&nbsp;&nbsp; &nbsp; &nbsp;45 \u20ac &nbsp; &nbsp; &nbsp; &nbsp; &nbsp; &nbsp; &nbsp; &nbsp; &nbsp; &nbsp; &nbsp; &nbsp;120 \u20ac &nbsp; &nbsp; &nbsp; &nbsp; &nbsp; &nbsp; &nbsp; &nbsp; &nbsp; &nbsp; &nbsp; &nbsp; &nbsp;340 \u20ac<\/p>\n<p><span style=\"color: #008000;\">Acc\u00e8s \u00e0 tous les cours&nbsp; &nbsp;<\/span>&nbsp;50 \u20ac &nbsp; &nbsp; &nbsp; &nbsp; &nbsp; &nbsp; &nbsp; &nbsp; &nbsp; &nbsp; &nbsp; &nbsp; 140 \u20ac &nbsp; &nbsp; &nbsp; &nbsp; &nbsp; &nbsp; &nbsp; &nbsp; &nbsp; &nbsp; &nbsp; &nbsp; 395 \u20ac<\/p>\n<p><span style=\"color: #008000;\"><strong><em>Le mois de septembre est offert en cas de paiement au trimestre ou \u00e0 l&rsquo;ann\u00e9e<\/em>.<\/strong><\/span><\/p>\n<p><span style=\"color: #339966;\">Au cours &nbsp;<\/span>: 1 cours 12 \u20ac (tarif r\u00e9duit 10 \u20ac)<\/p>\n<p>&nbsp;<strong>Tarifs r\u00e9duits<\/strong> sur demande : &nbsp;&nbsp;couple (10 % de r\u00e9duction par personne)&nbsp; \/ \u00e9tudiant, ch\u00f4meur (20% de r\u00e9duction)<\/p>\n<p>P<strong>aiements mensuels et trimestriels:<\/strong> il est demand\u00e9 de pr\u00e9parer les dix ch\u00e8ques (de septembre \u00e0 juin) ou les 3 ch\u00e8ques trimestriels . Si vous d\u00e9cidez d&rsquo;arr\u00eater, le signaler au professeur avant le 8 du mois. Dans ce cas, les ch\u00e8ques des mois suivants ne seront pas d\u00e9bit\u00e9s.<\/p>\n<p>Le ch\u00e8que annuel peut \u00eatre r\u00e9gl\u00e9 en deux fois mais n&rsquo;est pas remboursable.<\/p>\n<ul>\n<li><strong>Partenariat<\/strong> avec le COS (comit\u00e9 des oeuvres sociales) , et association France Alzheimer (r\u00e9duction 20&nbsp; % sur demande et pr\u00e9sentation d&rsquo;un justificatif)<\/li>\n<li><strong>Prise en charge<\/strong>&nbsp; par l&rsquo;Etat et les collectivit\u00e9s territoriales pour les habitants du Grand Garros ( jusqu&rsquo;\u00e0 100 \u20ac et sous conditions)&nbsp;<\/li>\n<li><strong>Prise en charge<\/strong> par certaines mutuelles (<a href=\"https:\/\/lephenixrouge.fr\/?page_id=1845\" target=\"_blank\" rel=\"noopener noreferrer\">cliquez ici<\/a>)&nbsp;<\/li>\n<\/ul>\n<h2>Renseignements&nbsp;<span style=\"color: #ff0000;\">Le Ph\u00e9nix rouge<\/span><\/h2>\n<p><a href=\"https:\/\/lephenixrouge.fr\/wp-content\/uploads\/2025\/09\/inscription25site.pdf\" target=\"_blank\" rel=\"noopener\">t\u00e9l\u00e9charger le bulletin d&rsquo;inscription<\/a><\/p>\n<p>\uf028&nbsp;05 62 28 30 38 \/ 06 08 10 70 76 \/&nbsp;lephenixrouge32(a)gmail.com<\/p>\n\n\n<p><\/p>\n","protected":false},"excerpt":{"rendered":"<p>Tous les cours sont assur\u00e9s par notre enseignante d\u00e9tentrice d&rsquo;un Certificat de qualification professionnelle en AEMC valid\u00e9 par le minist\u00e8re de la formation professionnelle et la FAEMC (dipl\u00f4me autorisant l\u2019enseignement professionnel des Arts Energ\u00e9tiques et Martiaux Chinois) .&nbsp; saison 2025-2026 Adh\u00e9sion annuelle&nbsp; \u00e0 l&rsquo;association : 15 &nbsp;\u20ac &nbsp; &nbsp; &nbsp; &nbsp; &nbsp; &nbsp; &nbsp; &nbsp; &hellip; <a href=\"https:\/\/lephenixrouge.fr\/?page_id=21\" class=\"more-link\">Continuer la lecture de <span class=\"screen-reader-text\">Tarifs et inscription<\/span>  <span class=\"meta-nav\">&rarr;<\/span><\/a><\/p>\n","protected":false},"author":2,"featured_media":448,"parent":0,"menu_order":0,"comment_status":"closed","ping_status":"closed","template":"","meta":[],"_links":{"self":[{"href":"https:\/\/lephenixrouge.fr\/index.php?rest_route=\/wp\/v2\/pages\/21"}],"collection":[{"href":"https:\/\/lephenixrouge.fr\/index.php?rest_route=\/wp\/v2\/pages"}],"about":[{"href":"https:\/\/lephenixrouge.fr\/index.php?rest_route=\/wp\/v2\/types\/page"}],"author":[{"embeddable":true,"href":"https:\/\/lephenixrouge.fr\/index.php?rest_route=\/wp\/v2\/users\/2"}],"replies":[{"embeddable":true,"href":"https:\/\/lephenixrouge.fr\/index.php?rest_route=%2Fwp%2Fv2%2Fcomments&post=21"}],"version-history":[{"count":75,"href":"https:\/\/lephenixrouge.fr\/index.php?rest_route=\/wp\/v2\/pages\/21\/revisions"}],"predecessor-version":[{"id":3043,"href":"https:\/\/lephenixrouge.fr\/index.php?rest_route=\/wp\/v2\/pages\/21\/revisions\/3043"}],"wp:featuredmedia":[{"embeddable":true,"href":"https:\/\/lephenixrouge.fr\/index.php?rest_route=\/wp\/v2\/media\/448"}],"wp:attachment":[{"href":"https:\/\/lephenixrouge.fr\/index.php?rest_route=%2Fwp%2Fv2%2Fmedia&parent=21"}],"curies":[{"name":"wp","href":"https:\/\/api.w.org\/{rel}","templated":true}]}}