{"id":1979,"date":"2019-12-10T10:08:26","date_gmt":"2019-12-10T10:08:26","guid":{"rendered":"http:\/\/lephenixrouge.fr\/?page_id=1979"},"modified":"2025-03-02T17:48:07","modified_gmt":"2025-03-02T17:48:07","slug":"meditations","status":"publish","type":"page","link":"https:\/\/lephenixrouge.fr\/?page_id=1979","title":{"rendered":"M\u00e9ditationS"},"content":{"rendered":"\n<p><strong><em>La m\u00e9ditation n&rsquo;est pas une \u00e9vasion mais une rencontre sereine avec la r\u00e9alit\u00e9<\/em><\/strong> <em>Thich Nhat Hanh<\/em><\/p>\n\n\n\n<p><strong><em>Si vous savez vous arr\u00eater, vous obtiendrez la stabilit\u00e9. Cette stabilit\u00e9 \u00e9tant prise elle nous am\u00e8ne vers le calme. Le calme nous donne la <\/em>t<em>ranquillit\u00e9. Dans<\/em><\/strong><em> <strong>la tranquillit\u00e9 on peut enfin r\u00e9fl\u00e9chir en profondeur. Apr\u00e8s cette r\u00e9flexion on peut atteindre l&rsquo;objectif<\/strong>.<\/em> ( \u00ab\u00a0Da Xue \u00ab\u00a0Confucius)<\/p>\n\n\n\n<p>Comme il y a plusieurs chemins possibles pour gravir le sommet d&rsquo;une montagne, les m\u00e9ditations sont multiples mais au sommet de la montagne le paysage est le m\u00eame pour tous ceux qui y sont parvenus quelque soit le chemin.  La pleine pr\u00e9sence \u00e0 soi, l&rsquo;attention \u00e0 sa respiration, la visualisation d&rsquo;images mentales, l&rsquo;utilisation de mudras, sont autant d&rsquo;outils pour nous mener vers un calme int\u00e9rieur qui est la porte ouvrant sur une meilleure connaissance de nous-m\u00eame.<\/p>\n\n\n\n<p>Les m\u00e9ditations enseign\u00e9es sont principalement :<\/p>\n\n\n\n<p>M\u00e9ditations de pleine conscience issues de l&rsquo;enseignement de <a href=\"https:\/\/plumvillage.org\/fr\/a-propos\/thich-nhat-hanh\/biographie\" data-type=\"URL\" data-id=\"https:\/\/plumvillage.org\/fr\/a-propos\/thich-nhat-hanh\/biographie\" target=\"_blank\" rel=\"noreferrer noopener\">Thich Nhat Hahn<\/a><\/p>\n\n\n\n<p>M\u00e9ditation bouddhiste Dzogchen enseign\u00e9e par <a href=\"https:\/\/www.olivierraurich.com\" data-type=\"URL\" data-id=\"https:\/\/www.olivierraurich.com\" target=\"_blank\" rel=\"noreferrer noopener\">Olivier Raurich<\/a><\/p>\n\n\n\n<p>M\u00e9ditation des milles mains de Buddhas,  m\u00e9ditation Chan selon le <a rel=\"noreferrer noopener\" href=\"https:\/\/drliudong.com\" data-type=\"URL\" data-id=\"https:\/\/drliudong.com\" target=\"_blank\">Dr Liu Dong<\/a><\/p>\n\n\n\n<p><\/p>\n\n\n\n<p>Relaxation Fen Duan Fangsong Fa (m\u00e9ditation de sant\u00e9)<\/p>\n\n\n\n<p>Pratiques tao\u00efstes<\/p>\n\n\n\n<p><\/p>\n\n\n\n<p><em><strong>Pr\u00e9sence transparente<br>infinie ouverture<br>sans dehors ni dedans<\/strong><\/em><br><em><strong>toute embrassante l&rsquo;immensit\u00e9 infinie de la vue<br>sans fronti\u00e8re ni direction<br>v\u00e9ritables conditions de l&rsquo;esprit<\/strong><\/em>.<\/p>\n\n\n\n<p><em><strong>Tel le ciel, tel l&rsquo;espace, n&rsquo;a ni centre ni pourtour ni attache<\/strong><br><strong>Laissant tel quel ce qui appara\u00eet, serein, je suis parvenu \u00e0 la vaste plaine de l&rsquo;immensit\u00e9 absolue<\/strong><\/em>.<\/p>\n\n\n\n<p><strong><em>Dissous dans l&rsquo;infini vacuit\u00e9, sans limite sans pourtour, son, vision, mon esprit et le ciel ne firent plus qu&rsquo;un. <\/em><\/strong> <\/p>\n\n\n\n<p>Texte de Shapkar -Ecole du Dzogchen (fin 18 \u00e8me\u00a0)<\/p>\n\n\n\n<h2><\/h2>\n\n\n\n<p><\/p>\n","protected":false},"excerpt":{"rendered":"<p>La m\u00e9ditation n&rsquo;est pas une \u00e9vasion mais une rencontre sereine avec la r\u00e9alit\u00e9 Thich Nhat Hanh Si vous savez vous arr\u00eater, vous obtiendrez la stabilit\u00e9. Cette stabilit\u00e9 \u00e9tant prise elle nous am\u00e8ne vers le calme. Le calme nous donne la tranquillit\u00e9. Dans la tranquillit\u00e9 on peut enfin r\u00e9fl\u00e9chir en profondeur. Apr\u00e8s cette r\u00e9flexion on peut &hellip; <a href=\"https:\/\/lephenixrouge.fr\/?page_id=1979\" class=\"more-link\">Continuer la lecture de <span class=\"screen-reader-text\">M\u00e9ditationS<\/span>  <span class=\"meta-nav\">&rarr;<\/span><\/a><\/p>\n","protected":false},"author":2,"featured_media":1334,"parent":0,"menu_order":0,"comment_status":"closed","ping_status":"closed","template":"","meta":[],"_links":{"self":[{"href":"https:\/\/lephenixrouge.fr\/index.php?rest_route=\/wp\/v2\/pages\/1979"}],"collection":[{"href":"https:\/\/lephenixrouge.fr\/index.php?rest_route=\/wp\/v2\/pages"}],"about":[{"href":"https:\/\/lephenixrouge.fr\/index.php?rest_route=\/wp\/v2\/types\/page"}],"author":[{"embeddable":true,"href":"https:\/\/lephenixrouge.fr\/index.php?rest_route=\/wp\/v2\/users\/2"}],"replies":[{"embeddable":true,"href":"https:\/\/lephenixrouge.fr\/index.php?rest_route=%2Fwp%2Fv2%2Fcomments&post=1979"}],"version-history":[{"count":14,"href":"https:\/\/lephenixrouge.fr\/index.php?rest_route=\/wp\/v2\/pages\/1979\/revisions"}],"predecessor-version":[{"id":2942,"href":"https:\/\/lephenixrouge.fr\/index.php?rest_route=\/wp\/v2\/pages\/1979\/revisions\/2942"}],"wp:featuredmedia":[{"embeddable":true,"href":"https:\/\/lephenixrouge.fr\/index.php?rest_route=\/wp\/v2\/media\/1334"}],"wp:attachment":[{"href":"https:\/\/lephenixrouge.fr\/index.php?rest_route=%2Fwp%2Fv2%2Fmedia&parent=1979"}],"curies":[{"name":"wp","href":"https:\/\/api.w.org\/{rel}","templated":true}]}}