{"id":1845,"date":"2019-09-03T09:21:23","date_gmt":"2019-09-03T09:21:23","guid":{"rendered":"http:\/\/lephenixrouge.fr\/?page_id=1845"},"modified":"2020-09-12T10:57:23","modified_gmt":"2020-09-12T10:57:23","slug":"sport-sur-ordonnance","status":"publish","type":"page","link":"https:\/\/lephenixrouge.fr\/?page_id=1845","title":{"rendered":"Sport sur ordonnance"},"content":{"rendered":"\n<h4><strong>Activit\u00e9 Physique sur Prescription M\u00e9dicale (APPM)<\/strong><\/h4>\n\n\n\n<ul><li>Conscient de l&rsquo;importance de l&rsquo;activit\u00e9 physique dans le domaine de la sant\u00e9, le l\u00e9gislateur a inscrit dans la loi en d\u00e9cembre 2016 la prescription m\u00e9dicale d&rsquo;une activit\u00e9 physique adapt\u00e9e. <\/li><\/ul>\n\n\n\n<p><\/p>\n\n\n\n<p>La Loi sant\u00e9 2016-41 du 26 janvier 2016 est maintenant assortie de son\u00a0<a rel=\"noreferrer noopener\" href=\"https:\/\/www.faemc.fr\/sites\/default\/files\/pdf\/loi_sante_application.pdf\" target=\"_blank\">d\u00e9cret d&rsquo;application<\/a>, 2016-1990 du 30 d\u00e9cembre 2016 <\/p>\n\n\n\n<p>La loi prend ainsi en compte le fait que les th\u00e9rapeutiques non m\u00e9dicamenteuses ont fait la preuve de leur efficacit\u00e9 en compl\u00e9ment des traitements conventionnels pour les maladies graves et m\u00eame parfois en substitution pour des affections plus l\u00e9g\u00e8res.<\/p>\n\n\n\n<p>Le sport sur ordonnance s\u2019adresse aux personnes atteintes d\u2019une Affection de longue dur\u00e9e (ALD). La liste de ces ALD repr\u00e9sente un groupe de 30 maladies qui n\u00e9cessitent un traitement particulier et un suivi prolong\u00e9 (article L. 322-3 du Code de la S\u00e9curit\u00e9 Sociale).&nbsp;<\/p>\n\n\n\n<p>La liste ALD30 recouvre toutefois une grande diversit\u00e9 de pathologies &#8211; elle compte ainsi dans ses rangs les deux types de Diab\u00e8te, les Cancers, des troubles de la personnalit\u00e9, etc<\/p>\n\n\n\n<p>Si la loi pr\u00e9voit que les affections de longue dur\u00e9e ont une prise en charge int\u00e9grale de leurs frais de traitement, le d\u00e9cret n\u2019\u00e9voque pas la question du remboursement.  Par contre de plus en plus de  mutuelles, comme la MAIF, Mutuelle des Sportifs, CNM sant\u00e9, SwissLife, Ociane Matmut &nbsp;proposent une aide financi\u00e8re ( de 200 \u00e0 500 \u20ac selon les organismes) pour les soci\u00e9taires souffrant d&rsquo;une ALD ou d\u2019une AIPP (Atteinte permanente \u00e0 l\u2019Int\u00e9grit\u00e9 Physique Psychique). <\/p>\n\n\n\n<p>Ce projet a pour but d&rsquo;amener ces soci\u00e9taires \u00e0 reprendre une activit\u00e9 physique adapt\u00e9e \u00e0 leurs besoins de sant\u00e9 et \u00e0 leurs envies de pratique.<\/p>\n\n\n\n<p><strong>N&rsquo;h\u00e9sitez pas \u00e0 solliciter votre mutuelle, plus il y aura de demandes plus ce dispositif prendra de l&rsquo;importance.<\/strong><\/p>\n\n\n\n<p><strong>Notre association, parce qu&rsquo;elle est adh\u00e9rente \u00e0 la FAEMC et que son enseignante est en formation continue avec la f\u00e9d\u00e9ration, est agr\u00e9\u00e9e pour ce dispositif.<\/strong><\/p>\n\n\n\n<p><br><\/p>\n\n\n\n<p><\/p>\n","protected":false},"excerpt":{"rendered":"<p>Activit\u00e9 Physique sur Prescription M\u00e9dicale (APPM) Conscient de l&rsquo;importance de l&rsquo;activit\u00e9 physique dans le domaine de la sant\u00e9, le l\u00e9gislateur a inscrit dans la loi en d\u00e9cembre 2016 la prescription m\u00e9dicale d&rsquo;une activit\u00e9 physique adapt\u00e9e. La Loi sant\u00e9 2016-41 du 26 janvier 2016 est maintenant assortie de son\u00a0d\u00e9cret d&rsquo;application, 2016-1990 du 30 d\u00e9cembre 2016 La &hellip; <a href=\"https:\/\/lephenixrouge.fr\/?page_id=1845\" class=\"more-link\">Continuer la lecture de <span class=\"screen-reader-text\">Sport sur ordonnance<\/span>  <span class=\"meta-nav\">&rarr;<\/span><\/a><\/p>\n","protected":false},"author":2,"featured_media":0,"parent":0,"menu_order":0,"comment_status":"closed","ping_status":"closed","template":"","meta":[],"_links":{"self":[{"href":"https:\/\/lephenixrouge.fr\/index.php?rest_route=\/wp\/v2\/pages\/1845"}],"collection":[{"href":"https:\/\/lephenixrouge.fr\/index.php?rest_route=\/wp\/v2\/pages"}],"about":[{"href":"https:\/\/lephenixrouge.fr\/index.php?rest_route=\/wp\/v2\/types\/page"}],"author":[{"embeddable":true,"href":"https:\/\/lephenixrouge.fr\/index.php?rest_route=\/wp\/v2\/users\/2"}],"replies":[{"embeddable":true,"href":"https:\/\/lephenixrouge.fr\/index.php?rest_route=%2Fwp%2Fv2%2Fcomments&post=1845"}],"version-history":[{"count":13,"href":"https:\/\/lephenixrouge.fr\/index.php?rest_route=\/wp\/v2\/pages\/1845\/revisions"}],"predecessor-version":[{"id":2156,"href":"https:\/\/lephenixrouge.fr\/index.php?rest_route=\/wp\/v2\/pages\/1845\/revisions\/2156"}],"wp:attachment":[{"href":"https:\/\/lephenixrouge.fr\/index.php?rest_route=%2Fwp%2Fv2%2Fmedia&parent=1845"}],"curies":[{"name":"wp","href":"https:\/\/api.w.org\/{rel}","templated":true}]}}