{"id":162,"date":"2014-12-10T15:37:57","date_gmt":"2014-12-10T15:37:57","guid":{"rendered":"http:\/\/lephenixrouge.fr\/?page_id=162"},"modified":"2022-08-26T09:19:30","modified_gmt":"2022-08-26T09:19:30","slug":"qi-gong","status":"publish","type":"page","link":"https:\/\/lephenixrouge.fr\/?page_id=162","title":{"rendered":"Le Qi Gong"},"content":{"rendered":"<p><b>Le Qi gong<\/b>\u00a0est une discipline \u00e9nerg\u00e9tique chinoise mill\u00e9naire, \u00a0qui d\u00e9tend,\u00a0assouplit, tonifie le corps et l\u2019esprit. Elle \u00e9quilibre et harmonise\u00a0la circulation de l\u2019\u00e9nergie (Qi). Elle renforce la sant\u00e9, agit\u00a0en profondeur sur le stress, la gestion des \u00e9motions, les \u00a0d\u00e9fenses naturelles .<\/p>\n<p><strong>Le Qi gong<\/strong>\u00a0travaille sur les mouvements\u00a0du corps\u00a0 (Xing) sur le Qi (\u00e9nergie, souffle, vitalit\u00e9) et l&rsquo;intention (Yi) \u00e0 travers tout un ensemble d&rsquo;exercices, de m\u00e9thodes dont la pratique quotidienne et r\u00e9guli\u00e8re permet de maintenir ou de retrouver un \u00e9quilibre vital pour une vie harmonieuse\u00a0sur tous les plans.<\/p>\n<p>Ces exercices peuvent \u00eatre statiques (travail postural qui renforce et nourrit l&rsquo;\u00e9nergie vitale, d\u00e9veloppe les perceptions du corps, fait prendre conscience de l&rsquo;axe central, l&rsquo;axe vert\u00e9bral\u00a0) ou dynamiques (assouplit les tendons et les muscles et fait circuler l&rsquo;\u00e9nergie) . Ils favorisent l&rsquo;ancrage au sol, l&rsquo;enracinement, l&rsquo;\u00e9quilibre dans le plus grand respect des limites de chacun.<\/p>\n<p>A travers l<span style=\"font-weight: bold;\">e Qi gong , <\/span>nous recherchons aussi la d\u00e9tente musculaire et articulaire, \u00a0\u00e0 respirer naturellement d&rsquo;une mani\u00e8re fine, douce et profonde\u00a0. Les mouvements pratiqu\u00e9s avec lenteur et\u00a0attention\u00a0\u00a0am\u00e8nent peu \u00e0 peu \u00e0 lier le corps et l&rsquo;esprit, \u00e0 rentrer dans un \u00e9tat de pleine conscience.<\/p>\n<p>Le <strong>Qi gong<\/strong>\u00a0est un des outils de la m\u00e9decine traditionnelle chinoise. La physiologie chinoise est dite \u00e9nerg\u00e9tique car elle repose sur les th\u00e9ories de l\u2019\u00e9nergie vitale le qi, de la notion yin\/yang, des 5 organes et des 6 entrailles, des 5 mouvements et des m\u00e9ridiens.<\/p>\n<p>Le <strong>Qi Gong<\/strong> n&rsquo;est pas une simple gymnastique, il nous am\u00e8ne \u00e0 \u00eatre attentifs \u00e0 nous-m\u00eames, \u00e0 notre environnement, nous connecte \u00e0 la vie.<\/p>\n<pre><em><span style=\"color: #ff6600;\">Mieux que des mots, l'exp\u00e9rience directe vous permettra de d\u00e9couvrir cette pratique pr\u00e9ventive et r\u00e9paratrice. <strong>Le premier cours d'essai est gratuit<\/strong><\/span><\/em><\/pre>\n<p><a href=\"https:\/\/lephenixrouge.fr\/wp-content\/uploads\/2022\/08\/2B9CEABB-B51D-44F7-9A07-4B459D3F4616-scaled.jpeg\"><img loading=\"lazy\" class=\"alignnone size-medium wp-image-2411\" src=\"https:\/\/lephenixrouge.fr\/wp-content\/uploads\/2022\/08\/2B9CEABB-B51D-44F7-9A07-4B459D3F4616-300x200.jpeg\" alt=\"\" width=\"300\" height=\"200\" srcset=\"https:\/\/lephenixrouge.fr\/wp-content\/uploads\/2022\/08\/2B9CEABB-B51D-44F7-9A07-4B459D3F4616-300x200.jpeg 300w, https:\/\/lephenixrouge.fr\/wp-content\/uploads\/2022\/08\/2B9CEABB-B51D-44F7-9A07-4B459D3F4616-1024x683.jpeg 1024w, https:\/\/lephenixrouge.fr\/wp-content\/uploads\/2022\/08\/2B9CEABB-B51D-44F7-9A07-4B459D3F4616-768x512.jpeg 768w, https:\/\/lephenixrouge.fr\/wp-content\/uploads\/2022\/08\/2B9CEABB-B51D-44F7-9A07-4B459D3F4616-1536x1024.jpeg 1536w, https:\/\/lephenixrouge.fr\/wp-content\/uploads\/2022\/08\/2B9CEABB-B51D-44F7-9A07-4B459D3F4616-2048x1365.jpeg 2048w\" sizes=\"(max-width: 300px) 100vw, 300px\" \/><\/a><\/p>\n<p><span style=\"color: #ff0000;\">Wai dan Qi gong<\/span> : Dao Yin Yang Sheng Gong \u00a0de\u00a0<a title=\"Me Zhang Guang De\" href=\"http:\/\/www.kunming.fr\/5.html\" target=\"_blank\" rel=\"noopener noreferrer\">Me Zhang Guang De<\/a>\u00a0(Yi Jin Jing, Qi gong des organes, Qi Gong g\u00e9n\u00e9ral pour la sant\u00e9, 5mn de longue vie, Dao yin assis &#8230;. )<\/p>\n<p><span style=\"color: #ff0000;\">\u00a0Zhi Neng Qi Gong<\/span> et pratiques\u00a0associ\u00e9es de Me Pang He Ming selon <span style=\"color: #339966;\">Mr Zhou Jong Hong\u00a0e<span style=\"color: #008000;\">t Isabelle Gougeon<\/span><\/span><\/p>\n<p><span style=\"color: #ff0000;\">Xi Xi HU<\/span>, marche de sant\u00e9 , <span style=\"color: #ff0000;\">Nei Yang Gong<\/span>, selon le Dr Liu Dong<\/p>\n<p><span style=\"color: #ff0000;\">Nei dan Qi Qong<\/span> : travail interne sp\u00e9cifique sur la\u00a0respiration, les postures<\/p>\n<p><span style=\"color: #ff0000;\">M\u00e9ditation\u00a0<\/span><span style=\"color: #000000;\">: m\u00e9ditation de pleine pr\u00e9sence ou\u00a0pleine\u00a0<\/span><span style=\"color: #000000;\">conscience selon Thich Nhat Hanh,\u00a0m\u00e9ditation tao\u00efste, Mille mains de Buddha selon le Dr Liu Dong.<\/span><\/p>\n<p><em><span style=\"color: #993366;\">\u00a0<\/span><\/em><\/p>\n<p><strong><span style=\"color: #993366;\">\u00ab\u00a0<\/span><\/strong><span style=\"color: #993366;\">On croit souvent, s&rsquo;agissant d&rsquo;activit\u00e9s physiques, que le principe est d&rsquo;agir sur le corps, le modifier,\u00a0l&rsquo;entretenir, augmenter ses performances ou diminuer ses insuffisances. <\/span><\/p>\n<p><span style=\"color: #993366;\">La perspective des arts physiques chinois est diff\u00e9rente. Ce n&rsquo;est pas le\u00a0Yang, l&rsquo;effort, la volont\u00e9, qui sont requis, mais plut\u00f4t le Yin, la souplesse et l&rsquo;harmonie. <\/span><span style=\"color: #993366;\">Les gestes ralentis au maximum dans le Tai Ji Quan, peuvent devenir\u00a0une\u00a0posture, comme dans\u00a0certains exercices de Qi Gong, et m\u00eame se r\u00e9duire \u00e0 une calme\u00a0immobilit\u00e9 comme dans les diff\u00e9rentes m\u00e9ditations. <\/span><\/p>\n<p><span style=\"color: #993366;\">Mais le but recherch\u00e9 est toujours le m\u00eame. Plus subtil que prendre conscience de son corps, c&rsquo;est, par l&rsquo;attention au ressenti, la perception des souffles, la sensation de l&rsquo;\u00e9nergie, donner corps \u00e0 sa conscience.\u00a0\u00bb<\/span> <strong><em><span style=\"color: #993366;\">Cyrille Javary\u00a0<\/span><\/em><\/strong><\/p>\n<pre><\/pre>\n<h4><\/h4>\n","protected":false},"excerpt":{"rendered":"<p>Le Qi gong\u00a0est une discipline \u00e9nerg\u00e9tique chinoise mill\u00e9naire, \u00a0qui d\u00e9tend,\u00a0assouplit, tonifie le corps et l\u2019esprit. Elle \u00e9quilibre et harmonise\u00a0la circulation de l\u2019\u00e9nergie (Qi). Elle renforce la sant\u00e9, agit\u00a0en profondeur sur le stress, la gestion des \u00e9motions, les \u00a0d\u00e9fenses naturelles . Le Qi gong\u00a0travaille sur les mouvements\u00a0du corps\u00a0 (Xing) sur le Qi (\u00e9nergie, souffle, vitalit\u00e9) et &hellip; <a href=\"https:\/\/lephenixrouge.fr\/?page_id=162\" class=\"more-link\">Continuer la lecture de <span class=\"screen-reader-text\">Le Qi Gong<\/span>  <span class=\"meta-nav\">&rarr;<\/span><\/a><\/p>\n","protected":false},"author":2,"featured_media":163,"parent":0,"menu_order":0,"comment_status":"closed","ping_status":"open","template":"","meta":[],"_links":{"self":[{"href":"https:\/\/lephenixrouge.fr\/index.php?rest_route=\/wp\/v2\/pages\/162"}],"collection":[{"href":"https:\/\/lephenixrouge.fr\/index.php?rest_route=\/wp\/v2\/pages"}],"about":[{"href":"https:\/\/lephenixrouge.fr\/index.php?rest_route=\/wp\/v2\/types\/page"}],"author":[{"embeddable":true,"href":"https:\/\/lephenixrouge.fr\/index.php?rest_route=\/wp\/v2\/users\/2"}],"replies":[{"embeddable":true,"href":"https:\/\/lephenixrouge.fr\/index.php?rest_route=%2Fwp%2Fv2%2Fcomments&post=162"}],"version-history":[{"count":30,"href":"https:\/\/lephenixrouge.fr\/index.php?rest_route=\/wp\/v2\/pages\/162\/revisions"}],"predecessor-version":[{"id":2443,"href":"https:\/\/lephenixrouge.fr\/index.php?rest_route=\/wp\/v2\/pages\/162\/revisions\/2443"}],"wp:featuredmedia":[{"embeddable":true,"href":"https:\/\/lephenixrouge.fr\/index.php?rest_route=\/wp\/v2\/media\/163"}],"wp:attachment":[{"href":"https:\/\/lephenixrouge.fr\/index.php?rest_route=%2Fwp%2Fv2%2Fmedia&parent=162"}],"curies":[{"name":"wp","href":"https:\/\/api.w.org\/{rel}","templated":true}]}}