{"id":156,"date":"2014-12-10T15:12:18","date_gmt":"2014-12-10T15:12:18","guid":{"rendered":"http:\/\/lephenixrouge.fr\/?page_id=156"},"modified":"2024-02-25T17:06:46","modified_gmt":"2024-02-25T17:06:46","slug":"156-2","status":"publish","type":"page","link":"https:\/\/lephenixrouge.fr\/?page_id=156","title":{"rendered":"Le Tai Ji Quan"},"content":{"rendered":"<p><a href=\"https:\/\/lephenixrouge.fr\/wp-content\/uploads\/2014\/12\/CIMG5862.jpg\"><img loading=\"lazy\" class=\"alignleft size-medium wp-image-203\" src=\"https:\/\/lephenixrouge.fr\/wp-content\/uploads\/2014\/12\/CIMG5862-300x259.jpg\" alt=\"CIMG5862\" width=\"300\" height=\"259\" srcset=\"https:\/\/lephenixrouge.fr\/wp-content\/uploads\/2014\/12\/CIMG5862-300x259.jpg 300w, https:\/\/lephenixrouge.fr\/wp-content\/uploads\/2014\/12\/CIMG5862-1024x884.jpg 1024w\" sizes=\"(max-width: 300px) 100vw, 300px\" \/><\/a><\/p>\n<p><span style=\"color: #ff0000;\"><span style=\"font-family: Verdana;\"><span style=\"font-size: small;\">Forme en 108 mouvements de l\u2019\u00e9cole Yang traditionnelle<\/span><\/span><\/span><\/p>\n<p><span style=\"color: #008000;\">Le Tai Ji Quan (Tai Chi Chuan) est un art martial interne chinois, qui gr\u00e2ce \u00e0 la lenteur des mouvements d\u00e9veloppe une gestuelle souple et fluide. Progressivement on apprend \u00e0 se d\u00e9tendre et \u00e0 entrer dans un calme dynamique, \u00e0 apaiser le stress interne, \u00e0 trouver son \u00e9quilibre. Pratiquer le Tai ji quan harmonise la circulation de l\u2019\u00e9nergie (Qi), am\u00e8ne \u00e0 utiliser la force interne plut\u00f4t que la force musculaire. \u00a0 \u00a0 \u00a0 \u00a0 \u00a0<\/span><\/p>\n<h6><span style=\"color: #008000;\"><span style=\"font-family: Verdana;\"><span style=\"font-size: small;\">Le Tai Ji Quan (prononcer tai chi chuan) peut \u00eatre abord\u00e9 de diff\u00e9rentes mani\u00e8res, quelque soit l\u2019\u00e2ge<\/span><\/span><span style=\"font-family: Verdana;\"><span style=\"font-size: small;\"><i>.\u00a0<\/i><\/span><\/span><\/span><\/h6>\n<p><span style=\"color: #008000;\">Il\u00a0peut \u00eatre consid\u00e9r\u00e9 comme un art de vie du fait de ces trois composantes\u00a0\u00a0classiquement envisag\u00e9es ensemble : martiale, philosophique, et sant\u00e9. Au d\u00e9but, on se centre plus particuli\u00e8rement sur les techniques corporelles, la gestuelle puis peu \u00e0 peu se met en place une interaction entre le corps et ses sensations, l&rsquo;esprit et la pens\u00e9e. Le Tai Ji Quan en tant qu&rsquo;art de vie consiste \u00e0 m\u00ealer harmonieusement l&rsquo;entra\u00eenement corporel, l&rsquo;entra\u00eenement de l&rsquo;esprit et le soin de soi.\u00a0<\/span><\/p>\n<p><span style=\"color: #222222;\">\u00a0<\/span><span style=\"color: #008000;\">L&rsquo;encha\u00eenement des 108 mouvements (parfois appel\u00e9e 85 mouvements) de l\u2019\u00e9cole Yang traditionnelle de Tai Ji quan est enseign\u00e9 \u00e0 <a href=\"http:\/\/www.ambc.asso.fr\"><span style=\"color: #008000;\">l\u2019\u00e9cole <span style=\"color: #ff6600;\">Fa Taiji <\/span><\/span><\/a>dirig\u00e9e par Me Jean-Jacques Galinier transmis par Me Ding Dahong (dont il est le disciple officiel depuis 2006).<\/span><\/p>\n<p><a href=\"https:\/\/lephenixrouge.fr\/wp-content\/uploads\/2016\/01\/chang_san_feng_fondateur.jpg\"><img loading=\"lazy\" class=\"alignleft size-medium wp-image-670\" src=\"https:\/\/lephenixrouge.fr\/wp-content\/uploads\/2016\/01\/chang_san_feng_fondateur-300x125.jpg\" alt=\"chang_san_feng_fondateur\" width=\"300\" height=\"125\" srcset=\"https:\/\/lephenixrouge.fr\/wp-content\/uploads\/2016\/01\/chang_san_feng_fondateur-300x125.jpg 300w, https:\/\/lephenixrouge.fr\/wp-content\/uploads\/2016\/01\/chang_san_feng_fondateur.jpg 600w\" sizes=\"(max-width: 300px) 100vw, 300px\" \/><\/a><\/p>\n<p>\u00ab\u00a0<em>Le cerveau est une machine \u00e0 apprendre. Au niveau du cortex se situent la conscience, l&rsquo;adaptation fine des r\u00e9actions, le langage. La lenteur permet d&rsquo;am\u00e9liorer la conscience de soi et l&rsquo;assurance. Au niveau des structures plus profondes, l&rsquo;attention, la m\u00e9moire, les postures, les r\u00e9flexes sont pr\u00e9cis\u00e9ment les domaines sur lesquels travaillent le tai chi chuan . &#8230; Les muscles qui sont mis en jeu ici, ce sont ceux de la posture, les plus puissants dont nous disposons et qui sont tr\u00e8s difficiles \u00e0 fatiguer : du point de vue de la physiologie, c&rsquo;est de l&rsquo;\u00e9nergie interne. &#8230;. \u00a0D&rsquo;un point de vue physique, il facilite l&rsquo;enracinement et l&rsquo;\u00e9quilibre, la coordination et le sch\u00e9ma corporel, et contribue \u00e0 lutter contre la s\u00e9dentarit\u00e9. &#8230;<\/em>\u00a0\u00a0\u00bb Extrait de la conclusion du <strong>Colloque Tai Chi Chuan et sant\u00e9<\/strong> \u00e0 Paris le 30 avril 2011 par le dr <strong>Hugues D\u00e9riaz<\/strong> ( ancien pr\u00e9sident de la FF Wushu).<\/p>\n<p><a href=\"https:\/\/lephenixrouge.fr\/wp-content\/uploads\/2016\/01\/Tai-ji-tu-2.jpg\"><img loading=\"lazy\" class=\"alignleft size-medium wp-image-672\" src=\"https:\/\/lephenixrouge.fr\/wp-content\/uploads\/2016\/01\/Tai-ji-tu-2-292x300.jpg\" alt=\"Tai ji tu 2\" width=\"292\" height=\"300\" srcset=\"https:\/\/lephenixrouge.fr\/wp-content\/uploads\/2016\/01\/Tai-ji-tu-2-292x300.jpg 292w, https:\/\/lephenixrouge.fr\/wp-content\/uploads\/2016\/01\/Tai-ji-tu-2.jpg 325w\" sizes=\"(max-width: 292px) 100vw, 292px\" \/><\/a><\/p>\n<p><span style=\"color: #008000;\">Que signifie les termes Tai Ji Quan (Taichi chuan)<\/span><\/p>\n<p><span style=\"color: #000000;\"><em>\u00a0\u00bb Avant de devenir une discipline physique populaire, le TaiJi Quan repose et s&rsquo;est construit sur le concept initial du <strong>TaiJi.\u00a0<\/strong>\u00a0 \u00a0 \u00a0 \u00a0 \u00a0 \u00a0 \u00a0 \u00a0 \u00a0 \u00a0 \u00a0 \u00a0 \u00a0 \u00a0 \u00a0 \u00a0 \u00a0 \u00a0 \u00a0 \u00a0 \u00a0 \u00a0 \u00a0 \u00a0 \u00a0 \u00a0<strong>Tai<\/strong> signifie grand, supr\u00eame, tr\u00e8s, trop, extr\u00eamement \u00a0 \u00a0 \u00a0 \u00a0 \u00a0 \u00a0 \u00a0 \u00a0 \u00a0 \u00a0 \u00a0 \u00a0 \u00a0 \u00a0 \u00a0 \u00a0 \u00a0 \u00a0 \u00a0 \u00a0 \u00a0 \u00a0<strong>Ji<\/strong> \u00a0d\u00e9signe un fa\u00eete, un sommet, l&rsquo;extr\u00e9mit\u00e9, un p\u00f4le, ultime. \u00a0<strong>Quan<\/strong> d\u00e9signe un poing et se traduit souvent par boxe. Dans les derniers sens donn\u00e9s aux caract\u00e8res Taiji se trouve exprim\u00e9e deux fois l&rsquo;id\u00e9e d&rsquo;extr\u00eame et ultime &#8211; ou encore le concept d&rsquo;un extr\u00eame sommet , soit l<strong>e plus haut point de vue \u00a0. <\/strong>Tai Ji est souvent traduit par \u00ab\u00a0poutre fa\u00eeti\u00e8re\u00a0\u00bb , soit le sommet d&rsquo;un \u00e9difice, \u00e0 partir duquel le t\u00e9moin\/observateur peut discerner deux faces : \u00a0 \u00a0 \u00a0 \u00a0 \u00a0 \u00a0 \u00a0 \u00a0 \u00a0 \u00a0 \u00a0 \u00a0 \u00a0 \u00a0 \u00a0 \u00a0 \u00a0 \u00a0 \u00a0 \u00a0 \u00a0 \u00a0 \u00a0 \u00a0 \u00a0 \u00a0 \u00a0 &#8211; une \u00e9clair\u00e9e par le soleil , l&rsquo;adret, qui correspond \u00e0 la traduction initial du terme <strong>Yang \u00a0 \u00a0 \u00a0 \u00a0 \u00a0 \u00a0 \u00a0 \u00a0 \u00a0 \u00a0 \u00a0 \u00a0 \u00a0 \u00a0 \u00a0 \u00a0 \u00a0 \u00a0 \u00a0 \u00a0 \u00a0 \u00a0 \u00a0 \u00a0 \u00a0 \u00a0 \u00a0 \u00a0 \u00a0 \u00a0 \u00a0 \u00a0 \u00a0 \u00a0 \u00a0 \u00a0 \u00a0 \u00a0 \u00a0 \u00a0 \u00a0 \u00a0 \u00a0 \u00a0 \u00a0 \u00a0 \u00a0 \u00a0 \u00a0 \u00a0 \u00a0 \u00a0 \u00a0 \u00a0 \u00a0 \u00a0 \u00a0 \u00a0 \u00a0 \u00a0 \u00a0 \u00a0 \u00a0 \u00a0<\/strong>&#8211; l&rsquo;autre dans l&rsquo;ombre (&#8230;) appel\u00e9e Ubac \u00a0et <strong>Yin<\/strong> en chinois (&#8230;)symbolis\u00e9e par la lune . \u00a0 \u00a0 \u00a0 \u00a0 \u00a0 \u00a0<\/em><\/span><\/p>\n<p><span style=\"color: #000000;\"><em> <a href=\"https:\/\/lephenixrouge.fr\/wp-content\/uploads\/2016\/01\/yin-yang1.jpg\"><img loading=\"lazy\" class=\"alignleft size-full wp-image-674\" src=\"https:\/\/lephenixrouge.fr\/wp-content\/uploads\/2016\/01\/yin-yang1.jpg\" alt=\"yin-yang1\" width=\"234\" height=\"148\" \/><\/a>\u00a0 \u00a0 \u00a0 \u00a0 \u00a0 \u00a0 \u00a0 \u00a0 \u00a0 \u00a0 \u00a0 \u00a0 \u00a0 \u00a0 \u00a0 \u00a0 \u00a0 \u00a0 \u00a0 \u00a0 \u00a0 \u00a0 \u00a0 \u00a0 \u00a0 \u00a0 \u00a0 \u00a0 \u00a0 \u00a0 \u00a0 \u00a0 \u00a0 \u00a0 \u00a0 \u00a0 \u00a0 \u00a0 \u00a0 \u00a0 \u00a0 \u00a0 \u00a0 \u00a0 \u00a0 \u00a0 \u00a0 \u00a0 \u00a0 \u00a0 \u00a0 \u00a0 \u00a0 \u00a0 \u00a0 \u00a0 \u00a0 \u00a0<\/em><\/span><\/p>\n<p><span style=\"color: #000000;\"><em>&#8230; Du point de vue philosophique et m\u00e9taphysique, le Taiji repr\u00e9sente l&rsquo;esprit en chacun et Quan \u00e9voque une fa\u00e7on de s&rsquo;exprimer et de fonctionner. Taiji Quan parle donc du fond et des formes ..<\/em>. \u00a0 \u00a0 \u00a0 \u00a0 \u00a0 \u00a0 \u00a0 \u00a0 \u00a0extrait du livre de <strong>Jean-Jacques Galinier<\/strong>\u00a0\u00ab\u00a0<strong>Tai Ji Quan Les fondements culturels -Energies et spiritualit\u00e9s.<\/strong> Fa m\u00e9dia \u00e9ditions<\/span><\/p>\n<pre><em><span style=\"color: #ff6600;\">Mieux que des mots,l'exp\u00e9rience directe vous permettra de d\u00e9couvrir cette pratique pr\u00e9ventive et r\u00e9paratrice. <strong>Le premier cours d'essai est gratuit<\/strong><\/span><\/em><\/pre>\n\n\n<p><\/p>\n","protected":false},"excerpt":{"rendered":"<p>Forme en 108 mouvements de l\u2019\u00e9cole Yang traditionnelle Le Tai Ji Quan (Tai Chi Chuan) est un art martial interne chinois, qui gr\u00e2ce \u00e0 la lenteur des mouvements d\u00e9veloppe une gestuelle souple et fluide. Progressivement on apprend \u00e0 se d\u00e9tendre et \u00e0 entrer dans un calme dynamique, \u00e0 apaiser le stress interne, \u00e0 trouver son &hellip; <a href=\"https:\/\/lephenixrouge.fr\/?page_id=156\" class=\"more-link\">Continuer la lecture de <span class=\"screen-reader-text\">Le Tai Ji Quan<\/span>  <span class=\"meta-nav\">&rarr;<\/span><\/a><\/p>\n","protected":false},"author":2,"featured_media":1532,"parent":0,"menu_order":0,"comment_status":"closed","ping_status":"open","template":"","meta":[],"_links":{"self":[{"href":"https:\/\/lephenixrouge.fr\/index.php?rest_route=\/wp\/v2\/pages\/156"}],"collection":[{"href":"https:\/\/lephenixrouge.fr\/index.php?rest_route=\/wp\/v2\/pages"}],"about":[{"href":"https:\/\/lephenixrouge.fr\/index.php?rest_route=\/wp\/v2\/types\/page"}],"author":[{"embeddable":true,"href":"https:\/\/lephenixrouge.fr\/index.php?rest_route=\/wp\/v2\/users\/2"}],"replies":[{"embeddable":true,"href":"https:\/\/lephenixrouge.fr\/index.php?rest_route=%2Fwp%2Fv2%2Fcomments&post=156"}],"version-history":[{"count":50,"href":"https:\/\/lephenixrouge.fr\/index.php?rest_route=\/wp\/v2\/pages\/156\/revisions"}],"predecessor-version":[{"id":2731,"href":"https:\/\/lephenixrouge.fr\/index.php?rest_route=\/wp\/v2\/pages\/156\/revisions\/2731"}],"wp:featuredmedia":[{"embeddable":true,"href":"https:\/\/lephenixrouge.fr\/index.php?rest_route=\/wp\/v2\/media\/1532"}],"wp:attachment":[{"href":"https:\/\/lephenixrouge.fr\/index.php?rest_route=%2Fwp%2Fv2%2Fmedia&parent=156"}],"curies":[{"name":"wp","href":"https:\/\/api.w.org\/{rel}","templated":true}]}}