{"id":1306,"date":"2017-09-06T17:26:27","date_gmt":"2017-09-06T17:26:27","guid":{"rendered":"http:\/\/lephenixrouge.fr\/?page_id=1306"},"modified":"2021-09-02T15:42:57","modified_gmt":"2021-09-02T15:42:57","slug":"voyage-en-chine","status":"publish","type":"page","link":"https:\/\/lephenixrouge.fr\/?page_id=1306","title":{"rendered":"Voyage en Chine"},"content":{"rendered":"<p><span style=\"color: #ff6600;\"><a href=\"https:\/\/lephenixrouge.fr\/?attachment_id=1801\" rel=\"attachment wp-att-1801\"><img loading=\"lazy\" class=\"alignleft size-medium wp-image-1801\" src=\"https:\/\/lephenixrouge.fr\/wp-content\/uploads\/2019\/07\/DSCN1960-300x225.jpg\" alt=\"\" width=\"300\" height=\"225\" srcset=\"https:\/\/lephenixrouge.fr\/wp-content\/uploads\/2019\/07\/DSCN1960-300x225.jpg 300w, https:\/\/lephenixrouge.fr\/wp-content\/uploads\/2019\/07\/DSCN1960-768x576.jpg 768w, https:\/\/lephenixrouge.fr\/wp-content\/uploads\/2019\/07\/DSCN1960-1024x768.jpg 1024w\" sizes=\"(max-width: 300px) 100vw, 300px\" \/><\/a><\/span><\/p>\n<p><a href=\"https:\/\/lephenixrouge.fr\/?attachment_id=1802\" rel=\"attachment wp-att-1802\"><img loading=\"lazy\" class=\"alignleft size-medium wp-image-1802\" src=\"https:\/\/lephenixrouge.fr\/wp-content\/uploads\/2019\/07\/DSCN1788-300x225.jpg\" alt=\"\" width=\"300\" height=\"225\" srcset=\"https:\/\/lephenixrouge.fr\/wp-content\/uploads\/2019\/07\/DSCN1788-300x225.jpg 300w, https:\/\/lephenixrouge.fr\/wp-content\/uploads\/2019\/07\/DSCN1788-768x576.jpg 768w, https:\/\/lephenixrouge.fr\/wp-content\/uploads\/2019\/07\/DSCN1788-1024x768.jpg 1024w\" sizes=\"(max-width: 300px) 100vw, 300px\" \/><\/a><\/p>\n<pre>Quelques images du fantastique voyage en Chine en ao\u00fbt 2017, de Beijing \u00e0 Shanghai avec un d\u00e9tour par\u00a0Bashang\u00a0au nord de Beijing.\n\n<em>Organis\u00e9 par Me Jean-Jacques Galinier de\u00a0l'\u00e9cole Fataiji de Blagnac .<\/em><\/pre>\n<figure id=\"attachment_1333\" aria-describedby=\"caption-attachment-1333\" style=\"width: 300px\" class=\"wp-caption alignleft\"><a href=\"https:\/\/lephenixrouge.fr\/wp-content\/uploads\/2017\/09\/avenue-a-Beijing.jpg\"><img loading=\"lazy\" class=\"size-medium wp-image-1333\" src=\"https:\/\/lephenixrouge.fr\/wp-content\/uploads\/2017\/09\/avenue-a-Beijing-300x201.jpg\" alt=\"Avenue de Beijing\" width=\"300\" height=\"201\" srcset=\"https:\/\/lephenixrouge.fr\/wp-content\/uploads\/2017\/09\/avenue-a-Beijing-300x201.jpg 300w, https:\/\/lephenixrouge.fr\/wp-content\/uploads\/2017\/09\/avenue-a-Beijing-1024x685.jpg 1024w\" sizes=\"(max-width: 300px) 100vw, 300px\" \/><\/a><figcaption id=\"caption-attachment-1333\" class=\"wp-caption-text\">Avenue de Beijing<\/figcaption><\/figure>\n<p><a href=\"https:\/\/lephenixrouge.fr\/wp-content\/uploads\/2017\/09\/rues-de-beijing.jpg\"><img loading=\"lazy\" class=\"alignleft size-medium wp-image-1328\" src=\"https:\/\/lephenixrouge.fr\/wp-content\/uploads\/2017\/09\/rues-de-beijing-300x225.jpg\" alt=\"rues de beijing\" width=\"300\" height=\"225\" srcset=\"https:\/\/lephenixrouge.fr\/wp-content\/uploads\/2017\/09\/rues-de-beijing-300x225.jpg 300w, https:\/\/lephenixrouge.fr\/wp-content\/uploads\/2017\/09\/rues-de-beijing-1024x768.jpg 1024w\" sizes=\"(max-width: 300px) 100vw, 300px\" \/><\/a><\/p>\n<figure id=\"attachment_1320\" aria-describedby=\"caption-attachment-1320\" style=\"width: 300px\" class=\"wp-caption alignleft\"><a href=\"https:\/\/lephenixrouge.fr\/wp-content\/uploads\/2017\/09\/repas.jpg\"><img loading=\"lazy\" class=\"size-medium wp-image-1320\" src=\"https:\/\/lephenixrouge.fr\/wp-content\/uploads\/2017\/09\/repas-300x225.jpg\" alt=\"repas \u00e0 Beijing\" width=\"300\" height=\"225\" srcset=\"https:\/\/lephenixrouge.fr\/wp-content\/uploads\/2017\/09\/repas-300x225.jpg 300w, https:\/\/lephenixrouge.fr\/wp-content\/uploads\/2017\/09\/repas-1024x768.jpg 1024w\" sizes=\"(max-width: 300px) 100vw, 300px\" \/><\/a><figcaption id=\"caption-attachment-1320\" class=\"wp-caption-text\">repas \u00e0 Beijing<\/figcaption><\/figure>\n<figure id=\"attachment_1332\" aria-describedby=\"caption-attachment-1332\" style=\"width: 300px\" class=\"wp-caption alignleft\"><a href=\"https:\/\/lephenixrouge.fr\/wp-content\/uploads\/2017\/09\/sp\u00e9cialit\u00e9-canard-laqu\u00e9.jpg\"><img loading=\"lazy\" class=\"size-medium wp-image-1332\" src=\"https:\/\/lephenixrouge.fr\/wp-content\/uploads\/2017\/09\/sp\u00e9cialit\u00e9-canard-laqu\u00e9-300x225.jpg\" alt=\"sp\u00e9cialit\u00e9 canard laqu\u00e9\" width=\"300\" height=\"225\" srcset=\"https:\/\/lephenixrouge.fr\/wp-content\/uploads\/2017\/09\/sp\u00e9cialit\u00e9-canard-laqu\u00e9-300x225.jpg 300w, https:\/\/lephenixrouge.fr\/wp-content\/uploads\/2017\/09\/sp\u00e9cialit\u00e9-canard-laqu\u00e9-1024x768.jpg 1024w\" sizes=\"(max-width: 300px) 100vw, 300px\" \/><\/a><figcaption id=\"caption-attachment-1332\" class=\"wp-caption-text\">sp\u00e9cialit\u00e9 canard laqu\u00e9<\/figcaption><\/figure>\n<figure id=\"attachment_1322\" aria-describedby=\"caption-attachment-1322\" style=\"width: 300px\" class=\"wp-caption alignleft\"><a href=\"https:\/\/lephenixrouge.fr\/wp-content\/uploads\/2017\/09\/wang.jpg\"><img loading=\"lazy\" class=\"size-medium wp-image-1322\" src=\"https:\/\/lephenixrouge.fr\/wp-content\/uploads\/2017\/09\/wang-300x225.jpg\" alt=\"A l'Op\u00e9ra\" width=\"300\" height=\"225\" srcset=\"https:\/\/lephenixrouge.fr\/wp-content\/uploads\/2017\/09\/wang-300x225.jpg 300w, https:\/\/lephenixrouge.fr\/wp-content\/uploads\/2017\/09\/wang-1024x768.jpg 1024w\" sizes=\"(max-width: 300px) 100vw, 300px\" \/><\/a><figcaption id=\"caption-attachment-1322\" class=\"wp-caption-text\">A l&rsquo;Op\u00e9ra<\/figcaption><\/figure>\n<figure id=\"attachment_1316\" aria-describedby=\"caption-attachment-1316\" style=\"width: 300px\" class=\"wp-caption alignleft\"><a href=\"https:\/\/lephenixrouge.fr\/wp-content\/uploads\/2017\/09\/Beijingmaitres.jpg\"><img loading=\"lazy\" class=\"wp-image-1316 size-medium\" src=\"https:\/\/lephenixrouge.fr\/wp-content\/uploads\/2017\/09\/Beijingmaitres-300x225.jpg\" alt=\"Beijingmaitres\" width=\"300\" height=\"225\" srcset=\"https:\/\/lephenixrouge.fr\/wp-content\/uploads\/2017\/09\/Beijingmaitres-300x225.jpg 300w, https:\/\/lephenixrouge.fr\/wp-content\/uploads\/2017\/09\/Beijingmaitres-1024x768.jpg 1024w\" sizes=\"(max-width: 300px) 100vw, 300px\" \/><\/a><figcaption id=\"caption-attachment-1316\" class=\"wp-caption-text\">Me Ding Dahong (au milieu) et les ma\u00eetres de la lign\u00e9e de Beijing<\/figcaption><\/figure>\n<figure id=\"attachment_1326\" aria-describedby=\"caption-attachment-1326\" style=\"width: 300px\" class=\"wp-caption alignleft\"><a href=\"https:\/\/lephenixrouge.fr\/wp-content\/uploads\/2017\/09\/muraille.jpg\"><img loading=\"lazy\" class=\"size-medium wp-image-1326\" src=\"https:\/\/lephenixrouge.fr\/wp-content\/uploads\/2017\/09\/muraille-300x248.jpg\" alt=\"La Grande Muraille \" width=\"300\" height=\"248\" srcset=\"https:\/\/lephenixrouge.fr\/wp-content\/uploads\/2017\/09\/muraille-300x248.jpg 300w, https:\/\/lephenixrouge.fr\/wp-content\/uploads\/2017\/09\/muraille-1024x845.jpg 1024w\" sizes=\"(max-width: 300px) 100vw, 300px\" \/><\/a><figcaption id=\"caption-attachment-1326\" class=\"wp-caption-text\">La Grande Muraille<\/figcaption><\/figure>\n<figure id=\"attachment_1319\" aria-describedby=\"caption-attachment-1319\" style=\"width: 300px\" class=\"wp-caption alignleft\"><a href=\"https:\/\/lephenixrouge.fr\/wp-content\/uploads\/2017\/09\/mongolie.jpg\"><img loading=\"lazy\" class=\"size-medium wp-image-1319\" src=\"https:\/\/lephenixrouge.fr\/wp-content\/uploads\/2017\/09\/mongolie-300x194.jpg\" alt=\"En Mongolie int\u00e9rieure, nord de Beijing\" width=\"300\" height=\"194\" srcset=\"https:\/\/lephenixrouge.fr\/wp-content\/uploads\/2017\/09\/mongolie-300x194.jpg 300w, https:\/\/lephenixrouge.fr\/wp-content\/uploads\/2017\/09\/mongolie-1024x662.jpg 1024w\" sizes=\"(max-width: 300px) 100vw, 300px\" \/><\/a><figcaption id=\"caption-attachment-1319\" class=\"wp-caption-text\">En Mongolie int\u00e9rieure, nord de Beijing<\/figcaption><\/figure>\n<figure id=\"attachment_1323\" aria-describedby=\"caption-attachment-1323\" style=\"width: 300px\" class=\"wp-caption alignleft\"><a href=\"https:\/\/lephenixrouge.fr\/wp-content\/uploads\/2017\/09\/jenni.jpg\"><img loading=\"lazy\" class=\"size-medium wp-image-1323\" src=\"https:\/\/lephenixrouge.fr\/wp-content\/uploads\/2017\/09\/jenni-300x225.jpg\" alt=\"stage \u00e0 GuangFu Zheng, berceau du TaiJi style yang\" width=\"300\" height=\"225\" srcset=\"https:\/\/lephenixrouge.fr\/wp-content\/uploads\/2017\/09\/jenni-300x225.jpg 300w, https:\/\/lephenixrouge.fr\/wp-content\/uploads\/2017\/09\/jenni-1024x768.jpg 1024w\" sizes=\"(max-width: 300px) 100vw, 300px\" \/><\/a><figcaption id=\"caption-attachment-1323\" class=\"wp-caption-text\">stage \u00e0 GuangFu Zheng, berceau du TaiJi style yang<\/figcaption><\/figure>\n<figure id=\"attachment_1324\" aria-describedby=\"caption-attachment-1324\" style=\"width: 300px\" class=\"wp-caption alignleft\"><a href=\"https:\/\/lephenixrouge.fr\/wp-content\/uploads\/2017\/09\/dip.jpg\"><img loading=\"lazy\" class=\"size-medium wp-image-1324\" src=\"https:\/\/lephenixrouge.fr\/wp-content\/uploads\/2017\/09\/dip-300x225.jpg\" alt=\"Remise des certificats\" width=\"300\" height=\"225\" srcset=\"https:\/\/lephenixrouge.fr\/wp-content\/uploads\/2017\/09\/dip-300x225.jpg 300w, https:\/\/lephenixrouge.fr\/wp-content\/uploads\/2017\/09\/dip-1024x768.jpg 1024w\" sizes=\"(max-width: 300px) 100vw, 300px\" \/><\/a><figcaption id=\"caption-attachment-1324\" class=\"wp-caption-text\">Remise des certificats<\/figcaption><\/figure>\n<figure id=\"attachment_1330\" aria-describedby=\"caption-attachment-1330\" style=\"width: 189px\" class=\"wp-caption alignleft\"><a href=\"https:\/\/lephenixrouge.fr\/wp-content\/uploads\/2017\/09\/meDingGuangFu.jpg\"><img loading=\"lazy\" class=\"wp-image-1330 size-medium\" src=\"https:\/\/lephenixrouge.fr\/wp-content\/uploads\/2017\/09\/meDingGuangFu-189x300.jpg\" alt=\"meDingGuangFu\" width=\"189\" height=\"300\" srcset=\"https:\/\/lephenixrouge.fr\/wp-content\/uploads\/2017\/09\/meDingGuangFu-189x300.jpg 189w, https:\/\/lephenixrouge.fr\/wp-content\/uploads\/2017\/09\/meDingGuangFu-644x1024.jpg 644w\" sizes=\"(max-width: 189px) 100vw, 189px\" \/><\/a><figcaption id=\"caption-attachment-1330\" class=\"wp-caption-text\">Ma\u00eetre Ding Dahong<\/figcaption><\/figure>\n<figure id=\"attachment_1318\" aria-describedby=\"caption-attachment-1318\" style=\"width: 300px\" class=\"wp-caption alignleft\"><a href=\"https:\/\/lephenixrouge.fr\/wp-content\/uploads\/2017\/09\/hefei1.jpg\"><img loading=\"lazy\" class=\"wp-image-1318 size-medium\" src=\"https:\/\/lephenixrouge.fr\/wp-content\/uploads\/2017\/09\/hefei1-300x225.jpg\" alt=\"hefei1\" width=\"300\" height=\"225\" srcset=\"https:\/\/lephenixrouge.fr\/wp-content\/uploads\/2017\/09\/hefei1-300x225.jpg 300w, https:\/\/lephenixrouge.fr\/wp-content\/uploads\/2017\/09\/hefei1-1024x768.jpg 1024w\" sizes=\"(max-width: 300px) 100vw, 300px\" \/><\/a><figcaption id=\"caption-attachment-1318\" class=\"wp-caption-text\">les \u00e9l\u00e8ves de Me Ding Dahong \u00e0 Hefei<\/figcaption><\/figure>\n<figure id=\"attachment_1321\" aria-describedby=\"caption-attachment-1321\" style=\"width: 300px\" class=\"wp-caption alignleft\"><a href=\"https:\/\/lephenixrouge.fr\/wp-content\/uploads\/2017\/09\/tigreetdragon.jpg\"><img loading=\"lazy\" class=\"wp-image-1321 size-medium\" src=\"https:\/\/lephenixrouge.fr\/wp-content\/uploads\/2017\/09\/tigreetdragon-300x225.jpg\" alt=\"tigreetdragon\" width=\"300\" height=\"225\" srcset=\"https:\/\/lephenixrouge.fr\/wp-content\/uploads\/2017\/09\/tigreetdragon-300x225.jpg 300w, https:\/\/lephenixrouge.fr\/wp-content\/uploads\/2017\/09\/tigreetdragon-1024x768.jpg 1024w\" sizes=\"(max-width: 300px) 100vw, 300px\" \/><\/a><figcaption id=\"caption-attachment-1321\" class=\"wp-caption-text\">Hong Cun, le village o\u00f9 a \u00e9t\u00e9 tourn\u00e9 Tigre et Dragon<\/figcaption><\/figure>\n<figure id=\"attachment_1340\" aria-describedby=\"caption-attachment-1340\" style=\"width: 300px\" class=\"wp-caption alignleft\"><a href=\"https:\/\/lephenixrouge.fr\/wp-content\/uploads\/2017\/09\/DSCN0791.jpg\"><img loading=\"lazy\" class=\"wp-image-1340 size-medium\" src=\"https:\/\/lephenixrouge.fr\/wp-content\/uploads\/2017\/09\/DSCN0791-300x225.jpg\" alt=\"DSCN0791\" width=\"300\" height=\"225\" srcset=\"https:\/\/lephenixrouge.fr\/wp-content\/uploads\/2017\/09\/DSCN0791-300x225.jpg 300w, https:\/\/lephenixrouge.fr\/wp-content\/uploads\/2017\/09\/DSCN0791-1024x768.jpg 1024w\" sizes=\"(max-width: 300px) 100vw, 300px\" \/><\/a><figcaption id=\"caption-attachment-1340\" class=\"wp-caption-text\">Huangshan<\/figcaption><\/figure>\n<figure id=\"attachment_1354\" aria-describedby=\"caption-attachment-1354\" style=\"width: 300px\" class=\"wp-caption alignleft\"><a href=\"https:\/\/lephenixrouge.fr\/wp-content\/uploads\/2017\/09\/JJ.jpg\"><img loading=\"lazy\" class=\"size-medium wp-image-1354\" src=\"https:\/\/lephenixrouge.fr\/wp-content\/uploads\/2017\/09\/JJ-300x225.jpg\" alt=\"Me Jean-Jacques Galinier \u00e0 ShiZhou\" width=\"300\" height=\"225\" srcset=\"https:\/\/lephenixrouge.fr\/wp-content\/uploads\/2017\/09\/JJ-300x225.jpg 300w, https:\/\/lephenixrouge.fr\/wp-content\/uploads\/2017\/09\/JJ-1024x768.jpg 1024w\" sizes=\"(max-width: 300px) 100vw, 300px\" \/><\/a><figcaption id=\"caption-attachment-1354\" class=\"wp-caption-text\">Me Jean-Jacques Galinier \u00e0 ShiZhou<\/figcaption><\/figure>\n<figure id=\"attachment_1325\" aria-describedby=\"caption-attachment-1325\" style=\"width: 300px\" class=\"wp-caption alignleft\"><a href=\"https:\/\/lephenixrouge.fr\/wp-content\/uploads\/2017\/09\/hotel.jpg\"><img loading=\"lazy\" class=\"wp-image-1325 size-medium\" src=\"https:\/\/lephenixrouge.fr\/wp-content\/uploads\/2017\/09\/hotel-300x225.jpg\" alt=\"H\u00f4tel \u00e0 ShiZhou\" width=\"300\" height=\"225\" srcset=\"https:\/\/lephenixrouge.fr\/wp-content\/uploads\/2017\/09\/hotel-300x225.jpg 300w, https:\/\/lephenixrouge.fr\/wp-content\/uploads\/2017\/09\/hotel-1024x768.jpg 1024w\" sizes=\"(max-width: 300px) 100vw, 300px\" \/><\/a><figcaption id=\"caption-attachment-1325\" class=\"wp-caption-text\">Notre h\u00f4tel \u00e0 ShiZhou !<\/figcaption><\/figure>\n<figure id=\"attachment_1336\" aria-describedby=\"caption-attachment-1336\" style=\"width: 300px\" class=\"wp-caption alignleft\"><a href=\"https:\/\/lephenixrouge.fr\/wp-content\/uploads\/2017\/09\/bynight.jpg\"><img loading=\"lazy\" class=\"size-medium wp-image-1336\" src=\"https:\/\/lephenixrouge.fr\/wp-content\/uploads\/2017\/09\/bynight-300x225.jpg\" alt=\"Shanghai bynight\" width=\"300\" height=\"225\" srcset=\"https:\/\/lephenixrouge.fr\/wp-content\/uploads\/2017\/09\/bynight-300x225.jpg 300w, https:\/\/lephenixrouge.fr\/wp-content\/uploads\/2017\/09\/bynight-1024x768.jpg 1024w\" sizes=\"(max-width: 300px) 100vw, 300px\" \/><\/a><figcaption id=\"caption-attachment-1336\" class=\"wp-caption-text\">Shanghai bynight<\/figcaption><\/figure>\n","protected":false},"excerpt":{"rendered":"<p>Quelques images du fantastique voyage en Chine en ao\u00fbt 2017, de Beijing \u00e0 Shanghai avec un d\u00e9tour par\u00a0Bashang\u00a0au nord de Beijing. Organis\u00e9 par Me Jean-Jacques Galinier de\u00a0l&rsquo;\u00e9cole Fataiji de Blagnac .<\/p>\n","protected":false},"author":2,"featured_media":1308,"parent":0,"menu_order":0,"comment_status":"closed","ping_status":"open","template":"","meta":[],"_links":{"self":[{"href":"https:\/\/lephenixrouge.fr\/index.php?rest_route=\/wp\/v2\/pages\/1306"}],"collection":[{"href":"https:\/\/lephenixrouge.fr\/index.php?rest_route=\/wp\/v2\/pages"}],"about":[{"href":"https:\/\/lephenixrouge.fr\/index.php?rest_route=\/wp\/v2\/types\/page"}],"author":[{"embeddable":true,"href":"https:\/\/lephenixrouge.fr\/index.php?rest_route=\/wp\/v2\/users\/2"}],"replies":[{"embeddable":true,"href":"https:\/\/lephenixrouge.fr\/index.php?rest_route=%2Fwp%2Fv2%2Fcomments&post=1306"}],"version-history":[{"count":27,"href":"https:\/\/lephenixrouge.fr\/index.php?rest_route=\/wp\/v2\/pages\/1306\/revisions"}],"predecessor-version":[{"id":2289,"href":"https:\/\/lephenixrouge.fr\/index.php?rest_route=\/wp\/v2\/pages\/1306\/revisions\/2289"}],"wp:featuredmedia":[{"embeddable":true,"href":"https:\/\/lephenixrouge.fr\/index.php?rest_route=\/wp\/v2\/media\/1308"}],"wp:attachment":[{"href":"https:\/\/lephenixrouge.fr\/index.php?rest_route=%2Fwp%2Fv2%2Fmedia&parent=1306"}],"curies":[{"name":"wp","href":"https:\/\/api.w.org\/{rel}","templated":true}]}}